{"id":800,"date":"2016-01-30T11:00:57","date_gmt":"2016-01-30T11:00:57","guid":{"rendered":"http:\/\/flash-photobooths.com\/de\/?page_id=800"},"modified":"2023-06-20T11:14:57","modified_gmt":"2023-06-20T11:14:57","slug":"beleuchteter-tanzboden","status":"publish","type":"page","link":"https:\/\/flash-photobooths.com\/de\/beleuchteter-tanzboden\/","title":{"rendered":"Beleuchteter Tanzboden Mieten"},"content":{"rendered":"<h2 style=\"text-align: center;\"><a href=\"https:\/\/flash-photobooths.com\/wp-content\/uploads\/sites\/2\/2013\/10\/dance_alt.jpg\"><img decoding=\"async\" class=\"wp-image-281 aligncenter\" src=\"https:\/\/flash-photobooths.com\/wp-content\/uploads\/sites\/2\/2013\/10\/dance_alt-300x73.jpg\" alt=\"dance_alt\" width=\"567\" height=\"138\" srcset=\"https:\/\/flash-photobooths.com\/wp-content\/uploads\/2013\/10\/dance_alt-300x73.jpg 300w, https:\/\/flash-photobooths.com\/wp-content\/uploads\/2013\/10\/dance_alt-768x188.jpg 768w, https:\/\/flash-photobooths.com\/wp-content\/uploads\/2013\/10\/dance_alt.jpg 794w\" sizes=\"(max-width: 567px) 100vw, 567px\" \/><\/a><strong><span style=\"color: #3e454c;\">Ein neues Highlight bei Flash Photobooths sind seit kurzem unsere leuchtenden Tanzb\u00f6den.<\/span><\/strong><\/h2>\n<div class=\"fusion-fullwidth fullwidth-box fusion-builder-row-1 fusion-flex-container hundred-percent-fullwidth non-hundred-percent-height-scrolling\" style=\"--awb-border-radius-top-left:0px;--awb-border-radius-top-right:0px;--awb-border-radius-bottom-right:0px;--awb-border-radius-bottom-left:0px;--awb-overflow:visible;--awb-flex-wrap:wrap;\" ><div class=\"fusion-builder-row fusion-row fusion-flex-align-items-flex-start fusion-flex-content-wrap\" style=\"width:calc( 100% + 0px ) !important;max-width:calc( 100% + 0px ) !important;margin-left: calc(-0px \/ 2 );margin-right: calc(-0px \/ 2 );\"><div class=\"fusion-layout-column fusion_builder_column fusion-builder-column-0 fusion_builder_column_1_1 1_1 fusion-flex-column fusion-flex-align-self-flex-start fusion-column-no-min-height\" style=\"--awb-bg-size:cover;--awb-width-large:100%;--awb-margin-top-large:0px;--awb-spacing-right-large:0px;--awb-margin-bottom-large:0px;--awb-spacing-left-large:0px;--awb-width-medium:100%;--awb-spacing-right-medium:0px;--awb-spacing-left-medium:0px;--awb-width-small:100%;--awb-spacing-right-small:0px;--awb-spacing-left-small:0px;\"><div class=\"fusion-column-wrapper fusion-flex-justify-content-flex-start fusion-content-layout-column\">\n<div class=\"BorlabsCookie\">\n<div class=\"_brlbs-content-blocker\">\n<div class=\"_brlbs-embed _brlbs-video-youtube\"> <img decoding=\"async\" class=\"_brlbs-thumbnail\" src=\"https:\/\/flash-photobooths.com\/wp-content\/plugins\/borlabs-cookie\/images\/cb-no-thumbnail.png\" alt=\"YouTube\"> <\/p>\n<div class=\"_brlbs-caption\">\n<p>By loading the video, you agree to YouTube&#8217;s privacy policy.<br \/><a href=\"https:\/\/policies.google.com\/privacy?hl=en&amp;gl=en\" target=\"_blank\" rel=\"nofollow noopener noreferrer\">Learn more<\/a><\/p>\n<p><a class=\"_brlbs-btn _brlbs-icon-play-white\" href=\"#\" data-borlabs-cookie-unblock role=\"button\">Load video<\/a><\/p>\n<p><label><input type=\"checkbox\" name=\"unblockAll\" value=\"1\" checked> <small>Always unblock YouTube<\/small><\/label><\/p>\n<\/p><\/div>\n<\/p><\/div>\n<\/p><\/div>\n<div class=\"borlabs-hide\" data-borlabs-cookie-type=\"content-blocker\" data-borlabs-cookie-id=\"youtube\"><script type=\"text\/template\">PGRpdiBjbGFzcz0idmlkZW8tc2hvcnRjb2RlIj48aWZyYW1lIHRpdGxlPSJGbGFzaGluZyBEYW5jZWZsb29yIGhpcmUiIHdpZHRoPSIxMjAwIiBoZWlnaHQ9IjY3NSIgc3JjPSJodHRwczovL3d3dy55b3V0dWJlLW5vY29va2llLmNvbS9lbWJlZC9vRzYxXy1GRFNGUT9mZWF0dXJlPW9lbWJlZCIgZnJhbWVib3JkZXI9IjAiIGFsbG93PSJhY2NlbGVyb21ldGVyOyBhdXRvcGxheTsgY2xpcGJvYXJkLXdyaXRlOyBlbmNyeXB0ZWQtbWVkaWE7IGd5cm9zY29wZTsgcGljdHVyZS1pbi1waWN0dXJlOyB3ZWItc2hhcmUiIGFsbG93ZnVsbHNjcmVlbj48L2lmcmFtZT48L2Rpdj4=<\/script><\/div>\n<\/div>\n<p><span style=\"color: #3e454c;\"> Sie sehen toll aus f\u00fcr Hochzeiten, als Laufsteg oder f\u00fcr Feierlichkeiten und machen jede Veranstaltung zu etwas Besonderem! <\/span><\/p>\n<p><span style=\"color: #3e454c;\">Gew\u00f6hnlich\u00a0sind diese leuchtenden Tanzb\u00f6den zu mieten nur in Verbindung mit gro\u00dfen kooperierenden Events zu buchen. Durch uns haben Sie die M\u00f6glichkeit diese hochwertigen Tanzb\u00f6den zu einem erschwinglichen Preis zu mieten. Wir k\u00f6nnen Ihnen den perfekten Tanzboden zur Verf\u00fcgung stellen, variierend vom glitzernden wei\u00dfen tanzb\u00f6den mieten oder schwarzen tanzboden mieten, oder sogar eine Kombination aus beidem? Welchen Tanzboden sie auch anmieten, er ist perfekt f\u00fcr ihren ersten Hochzeitstanz! Der glitzernde Tanzboden ist der beliebteste mit seiner gl\u00e4nzenden Oberfl\u00e4che, dank der vielen LED Lichter. Dadurch bekommt ihre Veranstaltung den perfekten Glamour Faktor! Die LED Tanzb\u00f6den werden vor jeder Veranstaltung professionell gereinigt. Durch die stabile, gepr\u00fcfte Bauweise halten sie Belastungen sehr gut stand, sind wasserabweisend und aus rutschfestem Akrylplastik gefertigt. Durch ein spezielles Klicksystem werden die Platten fest miteinander verbunden und k\u00f6nnen so auf jedem ebenen oder mit Teppich ausgelegten Raum innerhalb von 30 Minuten problemlos verlegt werden. Dank des extrem niedrigen Profils steht einer tollen Tanznacht damit nichts im Wege! Die L.E.D Tanzb\u00f6den k\u00f6nnen sie sowohl in rechteckiger als auch quadratischer Form bekommen. Unsere professionellen und sehr gut ausgebildeten Angestellten werden den Tanzboden f\u00fcr sie aufbauen und zum Ende der Veranstaltung wieder abbauen, sodass sie sich nicht darum k\u00fcmmern m\u00fcssen und den Abend genie\u00dfen k\u00f6nnen! Auf individuelle W\u00fcnsche gehen wir sehr gerne ein!<br \/>\n<\/span><\/p>\n<p><a href=\"https:\/\/flash-photobooths.com\/wp-content\/uploads\/sites\/2\/2013\/10\/white-dancefloor.jpg\"><img decoding=\"async\" class=\"alignleft wp-image-279 size-medium\" src=\"https:\/\/flash-photobooths.com\/wp-content\/uploads\/sites\/2\/2013\/10\/white-dancefloor-300x168.jpg\" alt=\"white dancefloor\" width=\"300\" height=\"168\" \/><\/a><\/p>\n<\/div><\/div><div class=\"fusion-layout-column fusion_builder_column fusion-builder-column-1 fusion_builder_column_1_1 1_1 fusion-flex-column fusion-flex-align-self-flex-start fusion-column-no-min-height\" style=\"--awb-bg-size:cover;--awb-width-large:100%;--awb-margin-top-large:0px;--awb-spacing-right-large:0px;--awb-margin-bottom-large:0px;--awb-spacing-left-large:0px;--awb-width-medium:100%;--awb-spacing-right-medium:0px;--awb-spacing-left-medium:0px;--awb-width-small:100%;--awb-spacing-right-small:0px;--awb-spacing-left-small:0px;\"><div class=\"fusion-column-wrapper fusion-flex-justify-content-flex-start fusion-content-layout-column\"><div id=\"attachment_681\" style=\"width: 310px\" class=\"wp-caption alignright\"><a href=\"https:\/\/flash-photobooths.com\/wp-content\/uploads\/sites\/2\/2013\/10\/Flash-Love-Letters-and-Dancefloor.jpg\"><img decoding=\"async\" aria-describedby=\"caption-attachment-681\" class=\"wp-image-681 size-medium\" src=\"https:\/\/flash-photobooths.com\/wp-content\/uploads\/sites\/2\/2013\/10\/Flash-Love-Letters-and-Dancefloor-300x170.jpg\" alt=\"Tanzboden mit licht\" width=\"300\" height=\"170\" srcset=\"https:\/\/flash-photobooths.com\/wp-content\/uploads\/2013\/10\/Flash-Love-Letters-and-Dancefloor-300x170.jpg 300w, https:\/\/flash-photobooths.com\/wp-content\/uploads\/2013\/10\/Flash-Love-Letters-and-Dancefloor-768x434.jpg 768w, https:\/\/flash-photobooths.com\/wp-content\/uploads\/2013\/10\/Flash-Love-Letters-and-Dancefloor.jpg 960w\" sizes=\"(max-width: 300px) 100vw, 300px\" \/><\/a><p id=\"caption-attachment-681\" class=\"wp-caption-text\">Tanzboden mit licht<\/p><\/div>\n<p><img decoding=\"async\" class=\"aligncenter wp-image-277\" src=\"https:\/\/flash-photobooths.com\/wp-content\/uploads\/sites\/2\/2013\/10\/black-dancefloor-225x300.jpg\" alt=\"black dancefloor\" width=\"224\" height=\"337\" \/><\/p>\n<p>1.5m x 16.5 ungef\u00e4hr\u00a025m2\u00a0LED\u00a0Tanzb\u00f6den mieten <a href=\"https:\/\/flash-photobooths.com\/de\/kontakt\/\">Kontaktieren Sie uns<\/a><\/p>\n<p>2m x 12.5m ungef\u00e4hr 25m2\u00a0 LED Tanzb\u00f6den Verleih\u00a0<a href=\"https:\/\/flash-photobooths.com\/de\/kontakt\/\">Kontaktieren Sie uns<\/a><\/p>\n<p>2.5m x 10m ungef\u00e4hr 25m2\u00a0LED\u00a0Tanzb\u00f6den mieten\u00a0<a href=\"https:\/\/flash-photobooths.com\/de\/kontakt\/\">Kontaktieren Sie uns<\/a><\/p>\n<p>3m x 8.5m ungef\u00e4hr 25mz\u00a0LED\u00a0Tanzb\u00f6den Verleih\u00a0<a href=\"https:\/\/flash-photobooths.com\/de\/kontakt\/\">Kontaktieren Sie uns<\/a><\/p>\n<p>3.5m x 7m ungef\u00e4hr 25m2\u00a0LED\u00a0Tanzb\u00f6den mieten\u00a0<a href=\"https:\/\/flash-photobooths.com\/de\/kontakt\/\">Kontaktieren Sie uns<\/a><\/p>\n<p>4.5m x 5.5m \u00a0ungef\u00e4hr 25m2\u00a0LED\u00a0Tanzb\u00f6den Verleih\u00a0<a href=\"https:\/\/flash-photobooths.com\/de\/kontakt\/\">Kontaktieren Sie uns<\/a><\/p>\n<p>5m x 5m 25m2 LED\u00a0Tanzb\u00f6den mieten\u00a0<a href=\"https:\/\/flash-photobooths.com\/de\/kontakt\/\">Kontaktieren Sie uns<\/a><\/p>\n<p>1.5m x 13.5m 20.25m2\u00a0LED\u00a0Tanzb\u00f6den Verleih\u00a0<a href=\"https:\/\/flash-photobooths.com\/de\/kontakt\/\">Kontaktieren Sie uns<\/a><\/p>\n<p>2m x 10m ungef\u00e4hr 20.25m2\u00a0LED\u00a0Tanzb\u00f6den mieten\u00a0<a href=\"https:\/\/flash-photobooths.com\/de\/kontakt\/\">Kontaktieren Sie uns<\/a><\/p>\n<p>2.5m x 8m ungef\u00e4hr 20.25m2\u00a0LED\u00a0Tanzb\u00f6den Verleih\u00a0<a href=\"https:\/\/flash-photobooths.com\/de\/kontakt\/\">Kontaktieren Sie uns<\/a><\/p>\n<p>3m x 7.5m ungef\u00e4hr 20.25m2\u00a0LED\u00a0Tanzb\u00f6den mieten\u00a0<a href=\"https:\/\/flash-photobooths.com\/de\/kontakt\/\">Kontaktieren Sie uns<\/a><\/p>\n<p>3.5m x 6m ungef\u00e4hr 20.25m2\u00a0LED\u00a0Tanzb\u00f6den Verleih\u00a0<a href=\"https:\/\/flash-photobooths.com\/de\/kontakt\/\">Kontaktieren Sie uns<\/a><\/p>\n<p>4.5m x 4.5m 20.25m2\u00a0LED\u00a0Tanzb\u00f6den mieten\u00a0<a href=\"https:\/\/flash-photobooths.com\/de\/kontakt\/\">Kontaktieren Sie uns<\/a><\/p>\n<p>3.6m x 5.6m\u00a0LED\u00a0Tanzb\u00f6denVerleih \u00a0<a href=\"https:\/\/flash-photobooths.com\/de\/kontakt\/\">Kontaktieren Sie uns<\/a><\/p>\n<p>3m x 6.7m\u00a0LED\u00a0Tanzb\u00f6den mieten\u00a0<a href=\"https:\/\/flash-photobooths.com\/de\/kontakt\/\">Kontaktieren Sie uns<\/a><\/p>\n<p>3.8m x 3.8m\u00a014.44m2\u00a0LED\u00a0Tanzb\u00f6den\u00a0Verleih\u00a0<a href=\"https:\/\/flash-photobooths.com\/de\/kontakt\/\">Kontaktieren Sie uns<\/a><\/p>\n<p>und so weiter&#8230;<\/p>\n<p>&nbsp;<\/div><\/div><\/div><\/div>\n","protected":false},"excerpt":{"rendered":"<p>Ein neues Highlight bei Flash Photobooths sind seit kurzem unsere [&hellip;]<\/p>\n","protected":false},"author":1,"featured_media":0,"parent":0,"menu_order":0,"comment_status":"closed","ping_status":"closed","template":"","meta":{"footnotes":""},"_links":{"self":[{"href":"https:\/\/flash-photobooths.com\/de\/wp-json\/wp\/v2\/pages\/800"}],"collection":[{"href":"https:\/\/flash-photobooths.com\/de\/wp-json\/wp\/v2\/pages"}],"about":[{"href":"https:\/\/flash-photobooths.com\/de\/wp-json\/wp\/v2\/types\/page"}],"author":[{"embeddable":true,"href":"https:\/\/flash-photobooths.com\/de\/wp-json\/wp\/v2\/users\/1"}],"replies":[{"embeddable":true,"href":"https:\/\/flash-photobooths.com\/de\/wp-json\/wp\/v2\/comments?post=800"}],"version-history":[{"count":6,"href":"https:\/\/flash-photobooths.com\/de\/wp-json\/wp\/v2\/pages\/800\/revisions"}],"predecessor-version":[{"id":1171,"href":"https:\/\/flash-photobooths.com\/de\/wp-json\/wp\/v2\/pages\/800\/revisions\/1171"}],"wp:attachment":[{"href":"https:\/\/flash-photobooths.com\/de\/wp-json\/wp\/v2\/media?parent=800"}],"curies":[{"name":"wp","href":"https:\/\/api.w.org\/{rel}","templated":true}]}}