{"id":797,"date":"2016-01-30T10:58:51","date_gmt":"2016-01-30T10:58:51","guid":{"rendered":"http:\/\/flash-photobooths.com\/de\/?page_id=797"},"modified":"2023-06-20T11:14:58","modified_gmt":"2023-06-20T11:14:58","slug":"briefkaesten","status":"publish","type":"page","link":"https:\/\/flash-photobooths.com\/de\/briefkaesten\/","title":{"rendered":"Originelle Briefk\u00e4sten"},"content":{"rendered":"<h1><span style=\"color: #993300\">Mieten Sie unseren originellen Briefk\u00e4sten!<\/span><\/h1>\n<p>Ob zur Hochzeit oder zur Gesch\u00e4ftser\u00f6ffnung: Mit unserem tollen roten Briefkasten im Vintagelook k\u00f6nnen Ihre G\u00e4ste Ihnen pers\u00f6nliche W\u00fcnsche zukommen lassen. Die gusseiserne Front in Verbindung mit der st\u00e4hlernen R\u00fcckwand verleihen dem Briefkasten einen unverwechselbaren und originalen Look \u2013 das i-T\u00fcpfelchen auf Ihrem Event! Mit einem Gewicht von 15 kg bewahrt der Briefkasten sicher Ihre Gru\u00dfkarten auf. Selbstverst\u00e4ndlich k\u00f6nnen wir die Frontblende des Briefkastens nach Ihren W\u00fcnschen zum Beispiel mit Ihrem Namen oder dem Datum der Feier individuell versehen.<\/p>\n<p>Der <span style=\"color: #f51414\">rote Royal Mail Briefkasten<\/span> ist eine exakte Kopie nach englischem Vorbild und ist 61 cm lang, 25 cm breit und 13 cm tief. Er kann beispielsweise auf Tischen platziert werden und verleiht Ihrer Feier eine liebevolle, verspielte Note.<a href=\"https:\/\/flash-photobooths.com\/wp-content\/uploads\/sites\/2\/2015\/01\/mveaW4xzhdhcnBJyueos99A.jpg\"><img decoding=\"async\" class=\" size-full wp-image-554 alignright\" src=\"https:\/\/flash-photobooths.com\/wp-content\/uploads\/sites\/2\/2015\/01\/mveaW4xzhdhcnBJyueos99A.jpg\" alt=\"Rote Royal Mail Briefkasten \" width=\"195\" height=\"225\" \/><\/a><\/p>\n<p>Sie haben Interesse? Dann sprechen Sie uns gerne an. Der rote Royal Mail Briefkasten kann in Verbindung mit einem unserer Photobooths oder der Fotos\u00e4ule gemietet werden, der Mietpreis beginnt bereits bei <span style=\"text-decoration: underline\">30 Euro<\/span>. Wir freuen uns auf Ihre Anfragen.<\/p>\n<p>Mieten Sie unseren originellen Briefk\u00e4sten!<\/p>\n<p>Ob zur Hochzeit oder zur Gesch\u00e4ftser\u00f6ffnung: Mit unserem tollen schwarzen Briefkasten im Vintagelook k\u00f6nnen Ihre G\u00e4ste Ihnen pers\u00f6nliche W\u00fcnsche zukommen lassen. Die gusseiserne Front in Verbindung mit der st\u00e4hlernen R\u00fcckwand verleihen dem Briefkasten einen unverwechselbaren und originalen Look \u2013 das i-T\u00fcpfelchen auf Ihrem Event! Mit einem Gewicht von 15 kg bewahrt der Briefkasten sicher Ihre Gru\u00dfkarten auf und verspr\u00fcht einen tollen Charme.\u00a0 Selbstverst\u00e4ndlich k\u00f6nnen wir die Frontblende des Briefkastens nach Ihren W\u00fcnschen zum Beispiel mit Ihrem Namen oder dem Datum der Feier individuell versehen.<\/p>\n<p>Der <strong>schwarze Royal Mail Briefkasten<\/strong> ist eine exakte Kopie nach englischem Vorbild und ist 61 cm lang, 25 cm breit und 13 cm tief. Er kann beispielsweise auf Tischen platziert werden und verleiht Ihrer Feier eine liebevolle, verspielte Note.<a href=\"https:\/\/flash-photobooths.com\/wp-content\/uploads\/sites\/2\/2015\/01\/IMG_3824-e1421652203172.jpg\"><img decoding=\"async\" class=\"  wp-image-551 alignright\" src=\"https:\/\/flash-photobooths.com\/wp-content\/uploads\/sites\/2\/2015\/01\/IMG_3824-e1421652203172-225x300.jpg\" alt=\"Schwarze Royal Mail Briefkasten \" width=\"160\" height=\"213\" srcset=\"https:\/\/flash-photobooths.com\/wp-content\/uploads\/2015\/01\/IMG_3824-e1421652203172-225x300.jpg 225w, https:\/\/flash-photobooths.com\/wp-content\/uploads\/2015\/01\/IMG_3824-e1421652203172-768x1024.jpg 768w, https:\/\/flash-photobooths.com\/wp-content\/uploads\/2015\/01\/IMG_3824-e1421652203172.jpg 2448w\" sizes=\"(max-width: 160px) 100vw, 160px\" \/><\/a><\/p>\n<p>Sie haben Interesse? Dann sprechen Sie uns gerne an. Der schwarze Royal Mail Briefkasten kann in Verbindung mit einem unserer Photobooths oder der Fotos\u00e4ule gemietet werden, der Mietpreis beginnt bereits bei <span style=\"text-decoration: underline\">30 Euro<\/span>. Wir freuen uns auf Ihre Anfragen.<\/p>\n<p>Mieten Sie unseren originellen Briefk\u00e4sten!<\/p>\n<p>Ob zur Hochzeit oder zur Gesch\u00e4ftser\u00f6ffnung: Mit unserem tollen wei\u00df Briefkasten im Vintagelook k\u00f6nnen Ihre G\u00e4ste Ihnen pers\u00f6nliche W\u00fcnsche zukommen lassen. Die gusseiserne Front in Verbindung mit der st\u00e4hlernen R\u00fcckwand verleihen dem Briefkasten einen unverwechselbaren und originalen Look \u2013 das i-T\u00fcpfelchen auf Ihrem Event! Mit einem Gewicht von 15 kg bewahrt der Briefkasten sicher Ihre Gru\u00dfkarten auf und verspr\u00fcht einen tollen Charme.\u00a0 Selbstverst\u00e4ndlich k\u00f6nnen wir die Frontblende des Briefkastens nach Ihren W\u00fcnschen zum Beispiel mit Ihrem Namen oder dem Datum der Feier individuell versehen.<\/p>\n<p>Der <strong>wei\u00dfe Royal Mail Briefkasten<\/strong> ist eine exakte Kopie nach englischem Vorbild und ist 61 cm lang, 25 cm breit und 13 cm tief. Er kann beispielsweise auf Tischen platziert werden und verleiht Ihrer Feier eine liebevolle, verspielte Note.<img decoding=\"async\" class=\" size-full wp-image-553 alignright\" src=\"https:\/\/flash-photobooths.com\/wp-content\/uploads\/sites\/2\/2015\/01\/mH6xJY2dN-J58qXNSqOWH5w.jpg\" alt=\"White Royal Mail Post Box Hire\" width=\"169\" height=\"225\" \/><\/p>\n<p>Sie haben Interesse? Dann sprechen Sie uns gerne an. Der wei\u00dfe Royal Mail Briefkasten kann in Verbindung mit einem unserer Photobooths oder der Fotos\u00e4ule gemietet werden, der Mietpreis beginnt bereits bei <span style=\"text-decoration: underline\">30 Euro<\/span>. Wir freuen uns auf Ihre Anfragen.<\/p>\n","protected":false},"excerpt":{"rendered":"<p>Mieten Sie unseren originellen Briefk\u00e4sten! Ob zur Hochzeit oder zur [&hellip;]<\/p>\n","protected":false},"author":1,"featured_media":0,"parent":0,"menu_order":0,"comment_status":"closed","ping_status":"closed","template":"","meta":{"footnotes":""},"_links":{"self":[{"href":"https:\/\/flash-photobooths.com\/de\/wp-json\/wp\/v2\/pages\/797"}],"collection":[{"href":"https:\/\/flash-photobooths.com\/de\/wp-json\/wp\/v2\/pages"}],"about":[{"href":"https:\/\/flash-photobooths.com\/de\/wp-json\/wp\/v2\/types\/page"}],"author":[{"embeddable":true,"href":"https:\/\/flash-photobooths.com\/de\/wp-json\/wp\/v2\/users\/1"}],"replies":[{"embeddable":true,"href":"https:\/\/flash-photobooths.com\/de\/wp-json\/wp\/v2\/comments?post=797"}],"version-history":[{"count":1,"href":"https:\/\/flash-photobooths.com\/de\/wp-json\/wp\/v2\/pages\/797\/revisions"}],"predecessor-version":[{"id":799,"href":"https:\/\/flash-photobooths.com\/de\/wp-json\/wp\/v2\/pages\/797\/revisions\/799"}],"wp:attachment":[{"href":"https:\/\/flash-photobooths.com\/de\/wp-json\/wp\/v2\/media?parent=797"}],"curies":[{"name":"wp","href":"https:\/\/api.w.org\/{rel}","templated":true}]}}