{"id":791,"date":"2016-01-30T10:55:38","date_gmt":"2016-01-30T10:55:38","guid":{"rendered":"http:\/\/flash-photobooths.com\/de\/?page_id=791"},"modified":"2023-06-20T11:14:58","modified_gmt":"2023-06-20T11:14:58","slug":"popcornmaschine","status":"publish","type":"page","link":"https:\/\/flash-photobooths.com\/de\/popcornmaschine\/","title":{"rendered":"Popcornmaschine mieten &#038; Zuckerwattemaschine mieten"},"content":{"rendered":"<h1 style=\"text-align: left;\"><span style=\"text-decoration: underline;\"><strong><span style=\"color: #ffcc00; text-decoration: underline;\">Popcornmaschine Mieten<\/span><\/strong><\/span><\/h1>\n<p style=\"text-align: left;\">Wer kennt nicht den unwiderstehlichen und unverkennbaren Geruch von frisch zubereitetem Popcorn?<a href=\"https:\/\/flash-photobooths.com\/wp-content\/uploads\/sites\/2\/2015\/03\/Black-Popcorn-Machine.jpg\"><img decoding=\"async\" class=\" size-medium wp-image-581 alignright\" src=\"https:\/\/flash-photobooths.com\/wp-content\/uploads\/sites\/2\/2015\/03\/Black-Popcorn-Machine-300x300.jpg\" alt=\"Popcorn Machine\" width=\"300\" height=\"300\" srcset=\"https:\/\/flash-photobooths.com\/wp-content\/uploads\/2015\/03\/Black-Popcorn-Machine-66x66.jpg 66w, https:\/\/flash-photobooths.com\/wp-content\/uploads\/2015\/03\/Black-Popcorn-Machine-150x150.jpg 150w, https:\/\/flash-photobooths.com\/wp-content\/uploads\/2015\/03\/Black-Popcorn-Machine-300x300.jpg 300w, https:\/\/flash-photobooths.com\/wp-content\/uploads\/2015\/03\/Black-Popcorn-Machine-768x768.jpg 768w, https:\/\/flash-photobooths.com\/wp-content\/uploads\/2015\/03\/Black-Popcorn-Machine-1024x1024.jpg 1024w, https:\/\/flash-photobooths.com\/wp-content\/uploads\/2015\/03\/Black-Popcorn-Machine.jpg 1600w\" sizes=\"(max-width: 300px) 100vw, 300px\" \/><\/a><\/p>\n<p style=\"text-align: left;\">Mit unseren neuen Popcornmaschinen k\u00f6nnen Sie sich diesen Duft ganz einfach nach Hause holen und mit Ihren G\u00e4sten die amerikanische Knusperei genie\u00dfen. Dabei k\u00f6nnen Sie selbst entscheiden, ob wir f\u00fcr Sie die Maisk\u00f6rner ploppen lassen oder Sie sich selbst als Popcornzubereiter versuchen. Je nach Anlass und Art Ihrer Feier k\u00f6nnen Sie ganz individuell entscheiden, wie viele Popcornportionen Sie anbieten m\u00f6chten \u2013 so k\u00f6nnen wir Ihnen den besten Preis f\u00fcr die jeweilige G\u00e4steanzahl garantieren. Die Miete beinhaltet dann die Popcornmaschine samt stylischem Vintagewagen, gen\u00fcgend Mais, \u00d6l, Salz und T\u00fctchen f\u00fcr die gew\u00fcnschte Anzahl an Popcornportionen. Nat\u00fcrlich haben wir auch eine weitere Popcornmaschine zu vermieten, die ohne Wagen auskommt und einfach auf einer Tischplatte zu installieren ist. Sprechen Sie uns einfach an, f\u00fcr welche Art Popcornmaschine Sie sich interessieren. Unsere Popcornmaschinen haben richtig was zu bieten und produzieren alle 2-3 Minuten etwa 230 g frisches, knackiges Popcorn \u2013 Ihre G\u00e4ste haben also keinen Grund zur Ungeduld!<img decoding=\"async\" class=\"alignright wp-image-582 size-thumbnail\" src=\"https:\/\/flash-photobooths.com\/wp-content\/uploads\/sites\/2\/2015\/03\/Popcorn-Machine-without-Trolly-150x150.jpg\" alt=\"Popcornmaschinen\" width=\"150\" height=\"150\" srcset=\"https:\/\/flash-photobooths.com\/wp-content\/uploads\/2015\/03\/Popcorn-Machine-without-Trolly-66x66.jpg 66w, https:\/\/flash-photobooths.com\/wp-content\/uploads\/2015\/03\/Popcorn-Machine-without-Trolly-150x150.jpg 150w, https:\/\/flash-photobooths.com\/wp-content\/uploads\/2015\/03\/Popcorn-Machine-without-Trolly-300x300.jpg 300w, https:\/\/flash-photobooths.com\/wp-content\/uploads\/2015\/03\/Popcorn-Machine-without-Trolly.jpg 500w\" sizes=\"(max-width: 150px) 100vw, 150px\" \/><\/p>\n<p>Interesse am besonderen Partyspa\u00df? Dann folgen hier wichtige Daten im \u00dcberblick:<\/p>\n<p>Popcornmaschine mieten\u00a0Konditionen<img decoding=\"async\" class=\"alignright wp-image-587 size-thumbnail\" src=\"https:\/\/flash-photobooths.com\/wp-content\/uploads\/sites\/2\/2015\/03\/Popcorn-Box-150x150.jpg\" alt=\"Popcorn Box\" width=\"150\" height=\"150\" srcset=\"https:\/\/flash-photobooths.com\/wp-content\/uploads\/2015\/03\/Popcorn-Box-66x66.jpg 66w, https:\/\/flash-photobooths.com\/wp-content\/uploads\/2015\/03\/Popcorn-Box-150x150.jpg 150w, https:\/\/flash-photobooths.com\/wp-content\/uploads\/2015\/03\/Popcorn-Box.jpg 634w\" sizes=\"(max-width: 150px) 100vw, 150px\" \/><\/p>\n<p>Popcornmaschine-Miete f\u00fcr\u00a0(4 Stunden) <a href=\"https:\/\/flash-photobooths.com\/de\/kontakt\/\">Kontaktiere uns fuer ein Angebot<\/a> : Beinhaltet neben der Popcornmaschine gen\u00fcgend Mais, \u00d6l,Salz und T\u00fctchen f\u00fcr 20 Portionen.<\/p>\n<p>Popcornmaschine-Miete f\u00fcr\u00a0(4 Stunden) <a href=\"https:\/\/flash-photobooths.com\/de\/kontakt\/\">Kontaktiere uns fuer ein Angebot<\/a> : Beinhaltet neben der Popcornmaschine gen\u00fcgend Mais, \u00d6l, Salz und T\u00fctchen f\u00fcr 50 Portionen.<\/p>\n<p>Popcornmaschine-Miete f\u00fcr\u00a0(4 Stunden) <a href=\"https:\/\/flash-photobooths.com\/de\/kontakt\/\">Kontaktiere uns fuer ein Angebot<\/a> : Beinhaltet neben der Popcornmaschine gen\u00fcgend Mais, \u00d6l, Salz und T\u00fctchen f\u00fcr 100 Portionen.<\/p>\n<p>Popcornmaschine-Miete f\u00fcr\u00a0(4 Stunden) <a href=\"https:\/\/flash-photobooths.com\/de\/kontakt\/\">Kontaktiere uns fuer ein Angebot<\/a>: Beinhaltet neben der Popcornmaschine gen\u00fcgend Mais, \u00d6l, Salz und T\u00fctchen f\u00fcr 150 Portionen.<\/p>\n<p>Popcornmaschine-Miete f\u00fcr (3 Stunden inklusive Bedienungspersonal) <a href=\"https:\/\/flash-photobooths.com\/de\/kontakt\/\">Kontaktiere uns fuer ein Angebot<\/a> : Beinhaltet neben der Popcornmaschine gen\u00fcgend Mais, \u00d6l, Salz und T\u00fctchen f\u00fcr eine unbegrenzte Anzahl an Portionen.<a href=\"https:\/\/flash-photobooths.com\/wp-content\/uploads\/sites\/2\/2015\/03\/Unlimited-Popcorn.jpg\"><img decoding=\"async\" class=\"alignright wp-image-583 size-thumbnail\" src=\"https:\/\/flash-photobooths.com\/wp-content\/uploads\/sites\/2\/2015\/03\/Unlimited-Popcorn-150x150.jpg\" alt=\"unbegrenzte Popcorn\" width=\"150\" height=\"150\" srcset=\"https:\/\/flash-photobooths.com\/wp-content\/uploads\/2015\/03\/Unlimited-Popcorn-66x66.jpg 66w, https:\/\/flash-photobooths.com\/wp-content\/uploads\/2015\/03\/Unlimited-Popcorn-150x150.jpg 150w, https:\/\/flash-photobooths.com\/wp-content\/uploads\/2015\/03\/Unlimited-Popcorn.jpg 347w\" sizes=\"(max-width: 150px) 100vw, 150px\" \/><\/a><\/p>\n<p>Sollten Sie bei den Paketen Bedienungspersonal w\u00fcnschen, so erheben wir einen Aufschlag von 10 Euro pro Stunde \u2013 bitte sprechen Sie uns an! Selbstverst\u00e4ndlich bieten wir besondere Preisangebote an, sollten Sie mehrere Dienstleistungen bei uns in Anspruch nehmen.<\/p>\n<h1><span style=\"text-decoration: underline; color: #ff99cc;\"><strong>Zuckerwattemaschine Miete<\/strong><\/span><\/h1>\n<p>Zuckers\u00fc\u00df und fr\u00f6hlich fluffig \u2013 mieten Sie unsere neue Zuckerwattemaschine!<a href=\"https:\/\/flash-photobooths.com\/wp-content\/uploads\/sites\/2\/2015\/03\/Candy-Floss-machine.jpg\"><img decoding=\"async\" class=\" size-medium wp-image-591 alignright\" src=\"https:\/\/flash-photobooths.com\/wp-content\/uploads\/sites\/2\/2015\/03\/Candy-Floss-machine-300x300.jpg\" alt=\"Candy Floss machine Hire\" width=\"300\" height=\"300\" \/><\/a><\/p>\n<p>Sowohl Gro\u00df als auch Klein werden von dieser au\u00dfergew\u00f6hnlichen Partyattraktion \u00fcberrascht sein und sich ins s\u00fc\u00dfe Vergn\u00fcgen st\u00fcrzen. Entscheiden Sie selbst, ob wir f\u00fcr Sie und Ihre G\u00e4ste die Zuckerwatte zubereiten oder Sie sich selbst an die Herstellung machen. Je nach Anlass und Art Ihrer Feier k\u00f6nnen individuell entscheiden, wie viele Zuckerwatteportionen Sie anbieten m\u00f6chten \u2013 so k\u00f6nnen wir Ihnen den besten Preis f\u00fcr die jeweilige G\u00e4steanzahl garantieren. Die Miete beinhaltet dann die Zuckerwattemaschine\u00a0(und falls gew\u00fcnscht ein dazugeh\u00f6riger Wagen), gen\u00fcgend Zucker sowie St\u00e4bchen und T\u00fctchen f\u00fcr die gew\u00fcnschte Anzahl an Portionen. Die Geschmacksvielfalt kann sich ebenso sehen lassen: Sie haben die freie Wahl zwischen 16 verschiedenen Sorten (siehe unten). Es versteht sich von selbst, dass wir auch hier auf die beste Qualit\u00e4t achten, denn unsere Zuckerwatte ist nicht nur gef\u00e4rbt, sondern mit frischen Aromen versehen und zudem selbstverst\u00e4ndlich glutenfrei, frei von Erdnussr\u00fcckst\u00e4nden und frei von Transfetts\u00e4uren. Die Bedienung der Zuckerwattemaschine\u00a0ist kinderleicht, als Energiequelle wird lediglich ein normaler Stromanschluss ben\u00f6tigt.<a href=\"https:\/\/flash-photobooths.com\/wp-content\/uploads\/sites\/2\/2015\/03\/candyfloss-with-dome.jpg\"><img decoding=\"async\" class=\" size-medium wp-image-590 aligncenter\" src=\"https:\/\/flash-photobooths.com\/wp-content\/uploads\/sites\/2\/2015\/03\/candyfloss-with-dome-300x224.jpg\" alt=\"Candyfloss Machine Hire\" width=\"300\" height=\"224\" srcset=\"https:\/\/flash-photobooths.com\/wp-content\/uploads\/2015\/03\/candyfloss-with-dome-300x224.jpg 300w, https:\/\/flash-photobooths.com\/wp-content\/uploads\/2015\/03\/candyfloss-with-dome.jpg 480w\" sizes=\"(max-width: 300px) 100vw, 300px\" \/><\/a><\/p>\n<p>Interesse am s\u00fc\u00dfen Partyspa\u00df? Dann folgen hier wichtige Daten im \u00dcberblick:<\/p>\n<p>&#8211; Geschmacksrichtungen:<a href=\"https:\/\/flash-photobooths.com\/wp-content\/uploads\/sites\/2\/2015\/03\/Cotton-Candy-Faith.jpg\"><img decoding=\"async\" class=\" size-medium wp-image-592 alignright\" src=\"https:\/\/flash-photobooths.com\/wp-content\/uploads\/sites\/2\/2015\/03\/Cotton-Candy-Faith-300x143.jpg\" alt=\"Candyfloss Hire\" width=\"300\" height=\"143\" srcset=\"https:\/\/flash-photobooths.com\/wp-content\/uploads\/2015\/03\/Cotton-Candy-Faith-300x143.jpg 300w, https:\/\/flash-photobooths.com\/wp-content\/uploads\/2015\/03\/Cotton-Candy-Faith-768x365.jpg 768w, https:\/\/flash-photobooths.com\/wp-content\/uploads\/2015\/03\/Cotton-Candy-Faith-1024x487.jpg 1024w, https:\/\/flash-photobooths.com\/wp-content\/uploads\/2015\/03\/Cotton-Candy-Faith.jpg 2009w\" sizes=\"(max-width: 300px) 100vw, 300px\" \/><\/a><br \/>\n<span style=\"color: #3366ff;\">Boo-Blue\u00a0Zuckerwatte<\/span><br \/>\n<span style=\"color: #ff00ff;\">Silly Nilly\u00a0Zuckerwatte<\/span><br \/>\n<span style=\"color: #ffcc00;\">Spookie Fruiti\u00a0Zuckerwatte<\/span><br \/>\n<span style=\"color: #00ff00;\">Leapin&#8216; Lime\u00a0Zuckerwatte<\/span><br \/>\nO-Jay\u00a0Zuckerwatte<br \/>\n<span style=\"color: #800000;\">Jolly Berry\u00a0Zuckerwatte<\/span><br \/>\n<span style=\"color: #993366;\">Cherry Berry\u00a0Zuckerwatte<\/span><br \/>\n<span style=\"color: #ffcc00;\">Pina Colada\u00a0Zuckerwatte<\/span><br \/>\n<span style=\"color: #33cccc;\">Bubble Gum\u00a0Zuckerwatte<\/span><br \/>\n<span style=\"color: #ff0000;\">Wacky Watermelon\u00a0Zuckerwatte<\/span><br \/>\n<span style=\"color: #ffcc00;\">Banana Bonanza\u00a0Zuckerwatte<\/span><br \/>\n<span style=\"color: #339966;\">Sassy Apple\u00a0Zuckerwatte<\/span><br \/>\n<span style=\"color: #99cc00;\">Sizzlin&#8216; Lemon-Sour\u00a0Zuckerwatte<\/span><br \/>\n<span style=\"color: #c46666;\">Razzleberry-Sour\u00a0Zuckerwatte<\/span><br \/>\nAhorn<br \/>\n<span style=\"color: #ff99cc;\">Traditional Pink Vanilla\u00a0Zuckerwatte<a href=\"https:\/\/flash-photobooths.com\/wp-content\/uploads\/sites\/2\/2015\/03\/cottoncandy.jpg\"><img decoding=\"async\" class=\" size-medium wp-image-593 alignright\" src=\"https:\/\/flash-photobooths.com\/wp-content\/uploads\/sites\/2\/2015\/03\/cottoncandy-259x300.jpg\" alt=\"Cotton Candy Machine Hire\" width=\"259\" height=\"300\" srcset=\"https:\/\/flash-photobooths.com\/wp-content\/uploads\/2015\/03\/cottoncandy-259x300.jpg 259w, https:\/\/flash-photobooths.com\/wp-content\/uploads\/2015\/03\/cottoncandy.jpg 300w\" sizes=\"(max-width: 259px) 100vw, 259px\" \/><\/a><\/span><\/p>\n<p>Zuckerwattemaschine miete Konditionen:<br \/>\nZuckerwattemaschine-Miete f\u00fcr\u00a0(4 Stunden) <a href=\"https:\/\/flash-photobooths.com\/de\/kontakt\/\">Kontaktiere uns fuer ein Angebot<\/a>: Beinhaltet neben der Maschine gen\u00fcgend Zucker, St\u00e4bchen und T\u00fctchen f\u00fcr 20 Portionen.<\/p>\n<p>Zuckerwattemaschine-Miete f\u00fcr\u00a0(4 Stunden) <a href=\"https:\/\/flash-photobooths.com\/de\/kontakt\/\">Kontaktiere uns fuer ein Angebot<\/a>: Beinhaltet neben der Zuckerwattemaschine\u00a0gen\u00fcgend Zucker, St\u00e4bchen und T\u00fctchen f\u00fcr 50 Portionen.<\/p>\n<p>Zuckerwattemaschine-Miete f\u00fcr\u00a0(4 Stunden) <a href=\"https:\/\/flash-photobooths.com\/de\/kontakt\/\">Kontaktiere uns fuer ein Angebot<\/a>: Beinhaltet neben der\u00a0Zuckerwattemaschine gen\u00fcgend Zucker, St\u00e4bchen und T\u00fctchen f\u00fcr 150 Portionen.<\/p>\n<p>Zuckerwattemaschine-Miete f\u00fcr\u00a0(3 Stunden inklusive Bedienungspersonal) <a href=\"https:\/\/flash-photobooths.com\/de\/kontakt\/\">Kontaktiere uns fuer ein Angebot<\/a> : Beinhaltet neben der\u00a0Zuckerwattemaschine gen\u00fcgend Zucker, St\u00e4bchen und T\u00fctchen f\u00fcr eine unbegrenzte Anzahl an Portionen.<\/p>\n<p>Sollten Sie bei den Paketen Bedienungspersonal w\u00fcnschen, so erheben wir einen Aufschlag von 10 Euro pro Stunde \u2013 bitte sprechen Sie uns an! Selbstverst\u00e4ndlich bieten wir besondere Preisangebote an, sollten Sie mehrere Dienstleistungen bei uns in Anspruch nehmen.<\/p>\n","protected":false},"excerpt":{"rendered":"<p>Popcornmaschine Mieten Wer kennt nicht den unwiderstehlichen und unverkennbaren Geruch [&hellip;]<\/p>\n","protected":false},"author":1,"featured_media":0,"parent":0,"menu_order":0,"comment_status":"closed","ping_status":"closed","template":"","meta":{"footnotes":""},"_links":{"self":[{"href":"https:\/\/flash-photobooths.com\/de\/wp-json\/wp\/v2\/pages\/791"}],"collection":[{"href":"https:\/\/flash-photobooths.com\/de\/wp-json\/wp\/v2\/pages"}],"about":[{"href":"https:\/\/flash-photobooths.com\/de\/wp-json\/wp\/v2\/types\/page"}],"author":[{"embeddable":true,"href":"https:\/\/flash-photobooths.com\/de\/wp-json\/wp\/v2\/users\/1"}],"replies":[{"embeddable":true,"href":"https:\/\/flash-photobooths.com\/de\/wp-json\/wp\/v2\/comments?post=791"}],"version-history":[{"count":5,"href":"https:\/\/flash-photobooths.com\/de\/wp-json\/wp\/v2\/pages\/791\/revisions"}],"predecessor-version":[{"id":832,"href":"https:\/\/flash-photobooths.com\/de\/wp-json\/wp\/v2\/pages\/791\/revisions\/832"}],"wp:attachment":[{"href":"https:\/\/flash-photobooths.com\/de\/wp-json\/wp\/v2\/media?parent=791"}],"curies":[{"name":"wp","href":"https:\/\/api.w.org\/{rel}","templated":true}]}}