{"id":788,"date":"2016-01-30T10:53:43","date_gmt":"2016-01-30T10:53:43","guid":{"rendered":"http:\/\/flash-photobooths.com\/de\/?page_id=788"},"modified":"2023-06-20T11:14:58","modified_gmt":"2023-06-20T11:14:58","slug":"fotobox-erwerben","status":"publish","type":"page","link":"https:\/\/flash-photobooths.com\/de\/fotobox-erwerben\/","title":{"rendered":"Fotobox erwerben"},"content":{"rendered":"<div class=\"fusion-fullwidth fullwidth-box fusion-builder-row-1 fusion-flex-container hundred-percent-fullwidth non-hundred-percent-height-scrolling\" style=\"--awb-border-radius-top-left:0px;--awb-border-radius-top-right:0px;--awb-border-radius-bottom-right:0px;--awb-border-radius-bottom-left:0px;--awb-overflow:visible;--awb-flex-wrap:wrap;\" ><div class=\"fusion-builder-row fusion-row fusion-flex-align-items-flex-start fusion-flex-content-wrap\" style=\"width:104% !important;max-width:104% !important;margin-left: calc(-4% \/ 2 );margin-right: calc(-4% \/ 2 );\"><div class=\"fusion-layout-column fusion_builder_column fusion-builder-column-0 fusion_builder_column_1_1 1_1 fusion-flex-column fusion-flex-align-self-flex-start fusion-column-no-min-height\" style=\"--awb-bg-size:cover;--awb-width-large:100%;--awb-margin-top-large:0px;--awb-spacing-right-large:1.92%;--awb-margin-bottom-large:0px;--awb-spacing-left-large:1.92%;--awb-width-medium:100%;--awb-spacing-right-medium:1.92%;--awb-spacing-left-medium:1.92%;--awb-width-small:100%;--awb-spacing-right-small:1.92%;--awb-spacing-left-small:1.92%;\"><div class=\"fusion-column-wrapper fusion-flex-justify-content-flex-start fusion-content-layout-column\"><div class=\"fusion-title title fusion-title-1 fusion-sep-none fusion-title-text fusion-title-size-two\"><h2 class=\"fusion-title-heading title-heading-left\" style=\"margin:0;\">Sind Sie interessiert an Ihrem eigenen Gesch\u00e4ft?<\/h2><\/div>\nIn den vergangenen Jahren ist das Gesch\u00e4ft mit den Photobooths Automaten pl\u00f6tzlich explodiert.<\/p>\n<p>Es wurde zu einer besonderen, exklusiven und vor allem sehr ausgefallenen Idee auf vielen Veranstaltungen.<\/p>\n<p>Die Herstellung der Bilder mit den Photo booth Automaten bedeutet einen riesigen Spass f\u00fcr Sie und Ihre G\u00e4ste. Vielmehr noch, hinterl\u00e4sst es auch eine einmalige Erinnerung f\u00fcr alle.<\/p>\n<p>Der Start der Fotobox war im Jahre 2008 in den Vereinigten Staaten der USA. Wir endeckten dieses interessante Unternehmen beim Reisen durch Australien und Neuseeland zwischen 2009-2012. Mittlerweile ist es ein attraktives Highlight in der Veranstaltung Szene, besonders auf Hochzeiten und Polterabenden sowie auf Firmen-Events.<\/p>\n<p>Dadurch, dass die Sozialen Netzwerke wie Facebook und Twitter immer attraktiver werden haben auch wir unsere Automaten dem Trend angepasst. Somit besteht die M\u00f6glichkeit, dass die gemachten Bilder sofort aus dem Automaten z.B. bei facebook hochgeladen werden k\u00f6nnen. Dieser Service ist f\u00fcr Sie nat\u00fcrlich kostenfrei!<\/p>\n<p>Wenn auch Sie sich mit einem Fotobox Automaten selbstst\u00e4ndig machen wollen brauchen Sie keine fotografischen oder technischen Kenntnisse. Sie brauchen lediglich ein Auto, um den Photobooths zusammen gepackt transportieren zu k\u00f6nnen. Die Kosten eines Fotokasten werden sich ungef\u00e4hr nach 15-20 Veranstaltungen bezahlt machen. Somit sollte eine Kostendeckung innerhalb des ersten Jahres garantiert sein. Daher handelt es sich um ein Gesch\u00e4ft, in dem man ohne gro\u00dfes Risiko investieren kann. Auch ist es leicht m\u00f6glich, gutes Fachpersonal f\u00fcr die technischen Herausforderungen zu finden.<\/p>\n<h3>Wichtiger Hinweis<\/h3>\n<p><a href=\"http:\/\/wp.iroot.de\/wp-content\/uploads\/2013\/09\/photobooth.jpg\"><img decoding=\"async\" class=\"size-medium wp-image-124 alignright\" src=\"http:\/\/wp.iroot.de\/wp-content\/uploads\/2013\/09\/photobooth-262x300.jpg\" alt=\"photobooth\" width=\"262\" height=\"300\" srcset=\"https:\/\/flash-photobooths.com\/wp-content\/uploads\/2013\/09\/photobooth-262x300.jpg 262w, https:\/\/flash-photobooths.com\/wp-content\/uploads\/2013\/09\/photobooth.jpg 700w\" sizes=\"(max-width: 262px) 100vw, 262px\" \/><\/a><\/p>\n<p><strong>Nicht alle Fotoautomaten sind gleich&#8230;<\/strong><\/p>\n<p>Wir sind ein kleiner Familienbetrieb und haben unsere Photo booths nur mit der neusten Technologie perfektioniert. Unser Photo booth-Paket beinhaltet die neueste Technologie, nat\u00fcrlich wird Ihr Fotobox\u00a0auf Ihre W\u00fcnsche und Bed\u00fcrfnisse eingestellt und im Rahmen unserer M\u00f6glichkeiten zu Ihren W\u00fcnschen personalisiert.<\/p>\n<p>Die meisten Unternehmen bieten diese Fotoboxen mit einem Standard-Rahmen Paket und programmieren generische Software auf dem Fotoautomaten. Wir hingegen bieten die \u201eGenerika-Software\u201c. Die Standard Software w\u00fcrde die Kosten f\u00fcr einen fotobox niedriger halten, allerdings sind wir der Meinung, dass das die falsche Ecke zum Sparen ist!! Auch wenn Sich unsere Automaten optisch mit anderen \u00e4hneln, so stechen Sie doch von der Technik deutlich hervor. Sie werden erstaunt und begeistert sein, was unsere Technik alles zu bieten hat. Diese Tatsache bietet Ihnen einige Vorteile gegen\u00fcber anderen Photo Booth Unternehmen.<\/p>\n<p>Sie haben durch die Generika Software weitaus mehr M\u00f6glichkeiten. Sie k\u00f6nnen z.B. Ihren Kunden komplett ma\u00dfgeschneiderte Einstellungen bieten, welches wiederum den Kunden deutlich zufriedenen macht.<br \/>\nUnsere Photoboots verf\u00fcgen \u00fcber alle Funktionen der Standard Photo booth Software, jedoch fangen die Unterschiede zu anderen Photobooths schon mit der Dateneingabe, Bild-Konfiguration oder exklusiven Einstellungsoptionen an. Wir bieten eine komplett andere Hintergrund- und Vordergrundtechnologie, Facebook-Upload und E-Mail direkt aus der Kabine. E-Mail-Capture, Strom foto Wireless-Fernsehers und weiteren Optionen.<\/p>\n<p>Unsere Kabinen sind leicht, aber stabil konstruiert. Am Ende einer Veranstaltung sind Sie schnell verpackt und verstaut. Zudem passen die so gut in ein mittelgro\u00dfes Familenauto, wie z.B. Ford Fusion. Ein Bus oder Van ist f\u00fcr den Transport nicht erforderlich.<br \/>\nAuf dem Markt gibt es mittlerweile verschiedene Anbieter, aber wir glauben an diese Technologie und setzen auf Qualit\u00e4t, die sich bereits sehr bew\u00e4hrt hat.<\/p>\n<p>Wir bieten Ihnen zur Auswahl mehrere Pakete an.<\/p>\n<\/div><\/div><div class=\"fusion-layout-column fusion_builder_column fusion-builder-column-1 fusion_builder_column_1_2 1_2 fusion-flex-column\" style=\"--awb-bg-size:cover;--awb-width-large:50%;--awb-margin-top-large:0px;--awb-spacing-right-large:3.84%;--awb-margin-bottom-large:20px;--awb-spacing-left-large:3.84%;--awb-width-medium:50%;--awb-spacing-right-medium:3.84%;--awb-spacing-left-medium:3.84%;--awb-width-small:100%;--awb-spacing-right-small:1.92%;--awb-spacing-left-small:1.92%;\"><div class=\"fusion-column-wrapper fusion-flex-justify-content-flex-start fusion-content-layout-column\">\n<div class=\"fusion-title title fusion-title-2 fusion-sep-none fusion-title-text fusion-title-size-two\"><h2 class=\"fusion-title-heading title-heading-left\" style=\"margin:0;\">Unser gro\u00dfes Paket beinhaltet &#8211; 7200 \u20ac<\/h2><\/div>\n<ul class=\"arrow\">\n<li>Einen leichten Aluminiumrahmen zum zusammen dr\u00fccken. Hierf\u00fcr ist kein Werkzeug erforderlich. Die Au\u00dfenw\u00e4nde k\u00f6nnen selbst gew\u00e4hlt werden. Hierbei ist alles m\u00f6glich!! Nat\u00fcrlich besteht auch die M\u00f6glichkeit aus unserer Fotobibliothek zu w\u00e4hlen. Alle Au\u00dfenw\u00e4nde sind laminiert und haben eine lange Lebensdauer.<\/li>\n<li>W\u00e4hlen Sie Ihre Abdeckung aus unserer Bibliothek von Designs, alternativ k\u00f6nnen wir entwerfen etwas, um Ihre Marke \/ Unternehmen passen. Alle Bez\u00fcge laminiert und f\u00fcr die Ewigkeit gemacht.<\/li>\n<li>Studio-Beleuchtung<\/li>\n<li>3-teiliges Dachsystem<\/li>\n<li>Doppelt\u00fcr Stand, somit sind die Photobooth auch Rollstuhlfreundlich oder in der Mitte eines Raumes zu verwenden<\/li>\n<li>Einfache Einkaufstasche f\u00fcr Ihren Messestand und Armaturen f\u00fchren<\/li>\n<li>2 T\u00fcrvorh\u00e4nge<\/li>\n<li>Einfache und leicht zu bewegende Boxen, um den Photobooth auf den verschiedenen Veranstaltungen leicht zu transportieren<\/li>\n<li>Green Screen PVC f\u00fcr Ihre Hintergrundansicht (Es gibt viele Gr\u00fcnde f\u00fcr eine PVC-Hintergrund, erst einmal stabilisiert er die Kabine und l\u00e4sst Sie deutlich besser aussehen und au\u00dferdem l\u00e4sst ein solcher Hintergrund mehrere Optionen f\u00fcr die Hintergrundbilder zu und erweitert dadurch das Angebotsspektrum. Ein Vorhang im Hintergrund l\u00e4sst Schatten entstehen und verschlechtert die Bildqualit\u00e4t)<\/li>\n<li>22 Zoll ESG Touchscreen ELO-Monitor mit 3 Jahre Garantie<\/li>\n<li>Laptop<\/li>\n<li>Dye Subliminal Drucker<\/li>\n<li>Canon DSLR-Kamera (500.600 oder 650D) f\u00fcr hohe Bildqualit\u00e4t und HD Video<\/li>\n<li>Mikrofon<\/li>\n<\/ul>\n<\/div><\/div>\n<div class=\"fusion-layout-column fusion_builder_column fusion-builder-column-2 fusion_builder_column_1_2 1_2 fusion-flex-column\" style=\"--awb-bg-size:cover;--awb-width-large:50%;--awb-margin-top-large:0px;--awb-spacing-right-large:3.84%;--awb-margin-bottom-large:20px;--awb-spacing-left-large:3.84%;--awb-width-medium:50%;--awb-spacing-right-medium:3.84%;--awb-spacing-left-medium:3.84%;--awb-width-small:100%;--awb-spacing-right-small:1.92%;--awb-spacing-left-small:1.92%;\"><div class=\"fusion-column-wrapper fusion-flex-justify-content-flex-start fusion-content-layout-column\">\n<div class=\"fusion-title title fusion-title-3 fusion-sep-none fusion-title-text fusion-title-size-two\"><h2 class=\"fusion-title-heading title-heading-left\" style=\"margin:0;\">Das Budget Booth &#8211; \u00a0\u20ac\u20ac\u20ac<\/h2><\/div>\n<ul class=\"arrow\">\n<li>Einen leichten Aluminiumrahmen zum zusammen dr\u00fccken. Hierf\u00fcr ist kein Werkzeug erforderlich. Die Au\u00dfenw\u00e4nde k\u00f6nnen selbst gew\u00e4hlt werden. Hierbei ist alles m\u00f6glich!! Nat\u00fcrlich besteht auch die M\u00f6glichkeit aus unserer Fotobibliothek zu w\u00e4hlen. Alle Au\u00dfenw\u00e4nde sind laminiert und haben eine lange Lebensdauer.<\/li>\n<li>Studio-Beleuchtung<\/li>\n<li>3-teilige Dachsystem<\/li>\n<li>Doppelt\u00fcr Stand, somit sind die Fotobox auch Rollstuhlfreundlich oder in der Mitte eines Raumes zu verwenden<\/li>\n<li>2 T\u00fcrvorh\u00e4nge<\/li>\n<li>Einfache und leicht zu bewegende Boxen, um den fotobox auf den verschiedenen Veranstaltungen leicht zu transportieren<\/li>\n<li>Green Screen PVC f\u00fcr Ihre Hintergrundansicht (Es gibt viele Gr\u00fcnde f\u00fcr eine PVC-Hintergrund, erst einmal stabilisiert er die Kabine und l\u00e4sst Sie deutlich besser aussehen und au\u00dferdem l\u00e4sst ein solcher Hintergrund mehrere Optionen f\u00fcr die Hintergrundbilder zu und erweitert dadurch das Angebotsspektrum. Ein Vorhang im Hintergrund l\u00e4sst Schatten entstehen und verschlechtert die Bildqualit\u00e4t)<\/li>\n<li>22 Zoll ESG Touchscreen-Monitor<\/li>\n<li>Laptop<\/li>\n<li>Dye Subliminal Drucker<\/li>\n<li>High Definition-Kamera f\u00fcr Video und Bilder.<\/li>\n<li>Mikrofon<\/li>\n<li>Schl\u00fcsselanh\u00e4ngerherstellungsoption inbegriffen<\/li>\n<li>Benutzer k\u00f6nnen Videobotschaften hinterlassen<\/li>\n<li>Brennen Sie Bilder und DVD oder USB-Laufwerk<\/li>\n<li>Breeze Software<\/li>\n<li>Generische Photo Booth Software<\/li>\n<\/ul>\n<\/div><\/div>\n<p>Selbstverst\u00e4ndlich weisen wir Sie in alle Details des Fotokasten\u00a0ein. Unsere Photobooths liefern wir weltweit aus, wobei die Versandkosten und Preise herf\u00fcr variieren.<\/p>\n<p>Sie erreichen uns Rund um die Uhr, f\u00fcr alle technischen Fragen und Probleml\u00f6sungen. Auch aus der Ferne ist es m\u00f6glich Ihnen bei Problemen zu helfen. F\u00fcr unsere technische Hilfestellung entstehen nat\u00fcrlich keine weiteren Kosten!<br \/>\nBitte beachten Sie auch, dass viele Unternehmen j\u00e4hrlich eine Software-Lizenz verlangen, bei uns ist das nicht so! Sie kaufen einmal den Booth mit der Software und das war\u2019s!<\/p>\n<p>Wenn Sie Ihren Fotoautomat bei uns kaufen, vermitteln wir Ihnen auch gerne Anfragen, die nicht in unserer N\u00e4he sind oder auch wenn wir bereits ausgebucht sind. Des Weiteren k\u00f6nnen wir Ihnen auch gerne bei der Suche nach einem guten Web Designer helfen oder Ihnen auch Hilfestellung beim Start Ihres Unternehmens bieten.<\/p>\n<p>Bitte haben Sie keine Scheu uns in allen Fragen zu Kontaktieren. Wir werden immer versuchen, Ihnen das f\u00fcr Sie bestm\u00f6gliche Angebot zu unterbreiten!!<\/p>\n<div class=\"fusion-layout-column fusion_builder_column fusion-builder-column-3 fusion_builder_column_1_1 1_1 fusion-flex-column fusion-flex-align-self-flex-start fusion-column-no-min-height\" style=\"--awb-bg-size:cover;--awb-width-large:100%;--awb-margin-top-large:0px;--awb-spacing-right-large:1.92%;--awb-margin-bottom-large:0px;--awb-spacing-left-large:1.92%;--awb-width-medium:100%;--awb-spacing-right-medium:1.92%;--awb-spacing-left-medium:1.92%;--awb-width-small:100%;--awb-spacing-right-small:1.92%;--awb-spacing-left-small:1.92%;\"><div class=\"fusion-column-wrapper fusion-flex-justify-content-flex-start fusion-content-layout-column\"><div ><a class=\"fusion-button button-flat button-small button-default fusion-button-default button-1 fusion-button-default-span fusion-button-default-type\" target=\"_self\" href=\"\/contact\/\"><span class=\"fusion-button-text\">Kontakt<\/span><\/a><\/div><\/div><\/div><\/div><\/div>\n","protected":false},"excerpt":{"rendered":"","protected":false},"author":1,"featured_media":0,"parent":0,"menu_order":0,"comment_status":"closed","ping_status":"closed","template":"","meta":{"footnotes":""},"_links":{"self":[{"href":"https:\/\/flash-photobooths.com\/de\/wp-json\/wp\/v2\/pages\/788"}],"collection":[{"href":"https:\/\/flash-photobooths.com\/de\/wp-json\/wp\/v2\/pages"}],"about":[{"href":"https:\/\/flash-photobooths.com\/de\/wp-json\/wp\/v2\/types\/page"}],"author":[{"embeddable":true,"href":"https:\/\/flash-photobooths.com\/de\/wp-json\/wp\/v2\/users\/1"}],"replies":[{"embeddable":true,"href":"https:\/\/flash-photobooths.com\/de\/wp-json\/wp\/v2\/comments?post=788"}],"version-history":[{"count":7,"href":"https:\/\/flash-photobooths.com\/de\/wp-json\/wp\/v2\/pages\/788\/revisions"}],"predecessor-version":[{"id":1173,"href":"https:\/\/flash-photobooths.com\/de\/wp-json\/wp\/v2\/pages\/788\/revisions\/1173"}],"wp:attachment":[{"href":"https:\/\/flash-photobooths.com\/de\/wp-json\/wp\/v2\/media?parent=788"}],"curies":[{"name":"wp","href":"https:\/\/api.w.org\/{rel}","templated":true}]}}