{"id":785,"date":"2016-01-30T10:52:16","date_gmt":"2016-01-30T10:52:16","guid":{"rendered":"http:\/\/flash-photobooths.com\/de\/?page_id=785"},"modified":"2023-06-20T11:14:58","modified_gmt":"2023-06-20T11:14:58","slug":"fotosaeule","status":"publish","type":"page","link":"https:\/\/flash-photobooths.com\/de\/fotosaeule\/","title":{"rendered":"Fotos\u00e4ule Mieten"},"content":{"rendered":"<h2><span style=\"color: #993300;\">Mieten Sie unseren Foto Pod \/ Fotos\u00e4ule \/ Fotobox<\/span><\/h2>\n<h3>Fotobox Partyspa\u00df f\u00fcr jede Gelegenheit und den kleinen Geldbeutel<\/h3>\n<p>Klein und fein: unser Fotos\u00e4ule\u00a0\u00fcberzeugt durch sein tolles Design und sein kompaktes Auftreten \u2013 ohne dabei auf technische Vorz\u00fcge zu verzichten. Er kommt ohne Kabine aus und passt daher sowohl vom Aussehen als auch von der Gr\u00f6\u00dfe in jede Partylocation. \u00dcber den 22\u2018\u2018 Touchscreen k\u00f6nnen Sie ganz einfach selbst zwischen dem Schwarz-Wei\u00df-, Sepia- oder dem farbigen Modus w\u00e4hlen oder gar eine Videobotschaft \u00fcber die HD-Kamera aufnehmen. Wie die gro\u00dfen Geschwister \u2013 die Photo Booths \u2013 ist auch unser Foto Pod\/Fotos\u00e4ule mit einer professionellen Canon DSLR 18 Megapixel Kamera ausgestattet. Diese erlaubt durch ihr tolles Weitwinkelobjektiv besonders viele Partyg\u00e4ste zeitgleich abzulichten. Die Fotos werden sekundenschnell und ohne Mengenlimitation in bester Qualit\u00e4t ausgedruckt und k\u00f6nnen so direkt von den G\u00e4sten als Erinnerung an eine gelungene Feier mitgenommen werden. Dar\u00fcber hinaus besteht selbstverst\u00e4ndlich die M\u00f6glichkeit, die Bilder an Email-Adressen zu senden oder direkt vor Ort im eigenen facebook-Account hochzuladen. \u00dcberzeugt von den Vorz\u00fcgen des\u00a0Fotos\u00e4ule? Dann hei\u00dft es: Cowboyhut und trashige Brille aufsetzen, Zauberstab in die Hand nehmen, eine Handvoll gute Freunde schnappen und los geht der Fotospa\u00df!<a href=\"https:\/\/flash-photobooths.com\/wp-content\/uploads\/sites\/2\/2013\/06\/photo-2-1-WHITE1.jpg\"><img decoding=\"async\" class=\" size-medium wp-image-519 alignright\" src=\"https:\/\/flash-photobooths.com\/wp-content\/uploads\/sites\/2\/2013\/06\/photo-2-1-WHITE1-148x300.jpg\" alt=\"Fotos\u00e4ule\" width=\"148\" height=\"300\" \/><\/a><\/p>\n<p>Folgendes umfasst die Fotos\u00e4ule-Buchung \/ Fotobox Mietung<br \/>\n\u2022 kostenlose Lieferung, Montage und Demontage des Foto Pods\/Fotos\u00e4ule<br \/>\n\u2022 unbegrenzte Nutzung des Foto Pods\/Fotos\u00e4ule<br \/>\n\u2022 unbegrenzte Anzahl an Fotoausdrucken<br \/>\n\u2022 Ausdruck m\u00f6glich in Schwarz-Wei\u00df, Sepia oder Farbe<br \/>\n\u2022 Ihr pers\u00f6nliches Logo, Motto oder der Anlass der Feier auf den Fotoausdrucken<br \/>\n\u2022 vielseitige Requisite<br \/>\n\u2022 aufgenommene Videobotschaften auf DVD gebrannt<br \/>\n\u2022 kostenloser sofortiger Versand von Fotos an Email-Adressen<br \/>\n\u2022 kostenloses sofortiges Hochladen der Bilder bei facebook<br \/>\n\u2022 eine professionelle Betreuung durch einen unserer Mitarbeiter w\u00e4hrend der gesamten Zeit der Buchung<\/p>\n<p>Treten Sie mit uns in Kontakt und wir informieren Sie umgehend \u00fcber die Preise und weitere Einzelheiten unserer Fotoboxen !<\/p>\n<p><a href=\"https:\/\/flash-photobooths.com\/wp-content\/uploads\/sites\/2\/2013\/06\/Props.jpg\"><img decoding=\"async\" class=\"alignnone wp-image-181 size-medium\" src=\"https:\/\/flash-photobooths.com\/wp-content\/uploads\/sites\/2\/2013\/06\/Props-223x300.jpg\" alt=\"Requisite\" width=\"223\" height=\"300\" \/><\/a><a href=\"https:\/\/flash-photobooths.com\/wp-content\/uploads\/sites\/2\/2013\/11\/Photo-Pod-pic-2.jpg\"><img decoding=\"async\" class=\"alignnone size-medium wp-image-577\" src=\"https:\/\/flash-photobooths.com\/wp-content\/uploads\/sites\/2\/2013\/11\/Photo-Pod-pic-2-300x200.jpg\" alt=\"Photo Pod pic 2\" width=\"300\" height=\"200\" srcset=\"https:\/\/flash-photobooths.com\/wp-content\/uploads\/2013\/11\/Photo-Pod-pic-2-300x200.jpg 300w, https:\/\/flash-photobooths.com\/wp-content\/uploads\/2013\/11\/Photo-Pod-pic-2-768x512.jpg 768w, https:\/\/flash-photobooths.com\/wp-content\/uploads\/2013\/11\/Photo-Pod-pic-2.jpg 960w\" sizes=\"(max-width: 300px) 100vw, 300px\" \/><\/a><a href=\"https:\/\/flash-photobooths.com\/wp-content\/uploads\/sites\/2\/2013\/06\/Photo-Pod-Front-Left.jpeg\"><img decoding=\"async\" class=\"alignnone size-medium wp-image-501\" src=\"https:\/\/flash-photobooths.com\/wp-content\/uploads\/sites\/2\/2013\/06\/Photo-Pod-Front-Left-163x300.jpeg\" alt=\"Fotos\u00e4ule \" width=\"163\" height=\"300\" srcset=\"https:\/\/flash-photobooths.com\/wp-content\/uploads\/2013\/06\/Photo-Pod-Front-Left-163x300.jpeg 163w, https:\/\/flash-photobooths.com\/wp-content\/uploads\/2013\/06\/Photo-Pod-Front-Left.jpeg 348w\" sizes=\"(max-width: 163px) 100vw, 163px\" \/><\/a><\/p>\n<h2><span style=\"text-decoration: underline;\"><span style=\"color: #ff0000; text-decoration: underline;\">Preis<\/span><\/span><\/h2>\n<div class=\"fusion-fullwidth fullwidth-box fusion-builder-row-1 fusion-flex-container hundred-percent-fullwidth non-hundred-percent-height-scrolling\" style=\"--awb-border-radius-top-left:0px;--awb-border-radius-top-right:0px;--awb-border-radius-bottom-right:0px;--awb-border-radius-bottom-left:0px;--awb-overflow:visible;--awb-flex-wrap:wrap;\" ><div class=\"fusion-builder-row fusion-row fusion-flex-align-items-flex-start fusion-flex-content-wrap\" style=\"width:104% !important;max-width:104% !important;margin-left: calc(-4% \/ 2 );margin-right: calc(-4% \/ 2 );\"><div class=\"fusion-layout-column fusion_builder_column fusion-builder-column-0 fusion_builder_column_1_2 1_2 fusion-flex-column\" style=\"--awb-bg-size:cover;--awb-width-large:50%;--awb-margin-top-large:0px;--awb-spacing-right-large:3.84%;--awb-margin-bottom-large:20px;--awb-spacing-left-large:3.84%;--awb-width-medium:50%;--awb-spacing-right-medium:3.84%;--awb-spacing-left-medium:3.84%;--awb-width-small:100%;--awb-spacing-right-small:1.92%;--awb-spacing-left-small:1.92%;\"><div class=\"fusion-column-wrapper fusion-flex-justify-content-flex-start fusion-content-layout-column\"> <div class=\"fusion-title title fusion-title-1 fusion-sep-none fusion-title-text fusion-title-size-two\"><h2 class=\"fusion-title-heading title-heading-left\" style=\"margin:0;\">Option 1:\u00a0 <a href=\"https:\/\/flash-photobooths.com\/de\/kontakt\/\">Bitte kontaktiere uns fuer ein Angebot<\/a>.<\/h2><\/div>\n<ul class=\"arrow\">\n<li>2 Stunden Fotobox Mieten\/ Fotos\u00e4ule mieten \u00a0(unlimited Fotos)<\/li>\n<li>Direkte Foto-Uploads auf Facebook oder E-Mail<\/li>\n<li>unbegrenzte Personalisierte Drucke<\/li>\n<li>Weitwinkel Linse<\/li>\n<li>Koffer voller lustiger Requisiten \/ Masken<\/li>\n<li>Touch-Screen Bildschirm<\/li>\n<li>Freie Wahl von Bild-Konfiguration<\/li>\n<li>Professioneller Begleiter f\u00fcr die volle Dauer Ihrer Mietzeit von unseren Fotoboxen<\/li>\n<li>Sie als Mieter der Fotobox bekommen eine DVD mit allen Viedeo-Nachrichten\/Gr\u00fcssen, die ihre Gaeste ihnen w\u00e4hrend der Aufnahmen hinterlassen haben.<\/li>\n<\/ul>\n<\/div><\/div> <div class=\"fusion-layout-column fusion_builder_column fusion-builder-column-1 fusion_builder_column_1_2 1_2 fusion-flex-column\" style=\"--awb-bg-size:cover;--awb-width-large:50%;--awb-margin-top-large:0px;--awb-spacing-right-large:3.84%;--awb-margin-bottom-large:20px;--awb-spacing-left-large:3.84%;--awb-width-medium:50%;--awb-spacing-right-medium:3.84%;--awb-spacing-left-medium:3.84%;--awb-width-small:100%;--awb-spacing-right-small:1.92%;--awb-spacing-left-small:1.92%;\"><div class=\"fusion-column-wrapper fusion-flex-justify-content-flex-start fusion-content-layout-column\"> <div class=\"fusion-title title fusion-title-2 fusion-sep-none fusion-title-text fusion-title-size-two\"><h2 class=\"fusion-title-heading title-heading-left\" style=\"margin:0;\">Option 2:\u00a0<a href=\"https:\/\/flash-photobooths.com\/de\/kontakt\/\">Bitte kontaktiere uns fuer ein Angebot<\/a>. \u00a0<\/h2><\/div>\n<ul class=\"arrow\">\n<li>3 Stunden Fotobox Mieten \/ Fotos\u00e4ule mieten<\/li>\n<li>Direkte Foto-Uploads auf Facebook oder E-Mail<\/li>\n<li>unbegrenzte Personalisierte Drucke<\/li>\n<li>Weitwinkel Linse<\/li>\n<li>Koffer voller lustiger Requisiten \/ Masken<\/li>\n<li>Touch-Screen Bildschirm<\/li>\n<li>Freie Wahl von Bild-Konfiguration<\/li>\n<li>Professioneller \u00a0Begleiter f\u00fcr die volle Dauer Ihrer Mietzeit ihrer Fotobox<\/li>\n<li>Sie als Mieter der Fotos\u00e4ule bekommen eine DVD mit allen Viedeo-Nachrichten\/Gruessen, die ihre G\u00e4ste ihnen waehrend der Aufnahmen hinterlassen haben.<\/li>\n<\/ul>\n<div class=\"fusion-builder-row fusion-builder-row-inner fusion-row fusion-flex-align-items-flex-start fusion-flex-content-wrap\" style=\"width:104% !important;max-width:104% !important;margin-left: calc(-4% \/ 2 );margin-right: calc(-4% \/ 2 );\"><\/div><div class=\"fusion-layout-column fusion_builder_column_inner fusion-builder-nested-column-0 fusion_builder_column_inner_1_2 1_2 fusion-flex-column\" style=\"--awb-bg-size:cover;--awb-width-large:50%;--awb-margin-top-large:0px;--awb-spacing-right-large:3.84%;--awb-margin-bottom-large:20px;--awb-spacing-left-large:3.84%;--awb-width-medium:50%;--awb-spacing-right-medium:3.84%;--awb-spacing-left-medium:3.84%;--awb-width-small:100%;--awb-spacing-right-small:1.92%;--awb-spacing-left-small:1.92%;\"><div class=\"fusion-column-wrapper fusion-flex-justify-content-flex-start fusion-content-layout-column\"><\/div><\/div> <\/div><\/div><div class=\"fusion-layout-column fusion_builder_column fusion-builder-column-2 fusion_builder_column_1_1 1_1 fusion-flex-column fusion-flex-align-self-flex-start fusion-column-no-min-height\" style=\"--awb-bg-size:cover;--awb-width-large:100%;--awb-margin-top-large:0px;--awb-spacing-right-large:1.92%;--awb-margin-bottom-large:0px;--awb-spacing-left-large:1.92%;--awb-width-medium:100%;--awb-spacing-right-medium:1.92%;--awb-spacing-left-medium:1.92%;--awb-width-small:100%;--awb-spacing-right-small:1.92%;--awb-spacing-left-small:1.92%;\"><div class=\"fusion-column-wrapper fusion-flex-justify-content-flex-start fusion-content-layout-column\"><div class=\"fusion-title title fusion-title-3 fusion-sep-none fusion-title-text fusion-title-size-two\"><h2 class=\"fusion-title-heading title-heading-left\" style=\"margin:0;\">Option 3 &#8211;\u00a0<a href=\"https:\/\/flash-photobooths.com\/de\/kontakt\/\">Bitte kontaktiere uns fuer ein Angebot<\/a>.<\/h2><\/div>\n<ul class=\"arrow\">\n<li>Die Gesamte Nacht\/ Miete der Fotobox \/ Fotos\u00e4ule gesamt unlimited Fotos<\/li>\n<li>Direkte Foto-Uploads auf Facebook oder E-Mail<\/li>\n<li>unbegrenzte Personalisierte Drucke<\/li>\n<li>Weitwinkel Linse<\/li>\n<li>Koffer voller lustiger Requisiten \/ Masken<\/li>\n<li>Touch-Screen Bildschirm<\/li>\n<li>Freie Wahl von Bild-Konfiguration<\/li>\n<li>Professioneller \u00a0Begleiter f\u00fcr die volle Dauer Ihrer Mietzeit der Fotobox<\/li>\n<li>Sie als Mieter der Foto Pod bekommen eine DVD mit allen Viedeo-Nachrichten\/Gruessen, die ihre Gaeste ihnen waehrend der Aufnahmen hinterlassen haben.<\/li>\n<\/ul>\n<\/div><\/div><\/div><\/div>\n","protected":false},"excerpt":{"rendered":"<p>Mieten Sie unseren Foto Pod \/ Fotos\u00e4ule \/ Fotobox Fotobox [&hellip;]<\/p>\n","protected":false},"author":1,"featured_media":0,"parent":0,"menu_order":0,"comment_status":"closed","ping_status":"closed","template":"","meta":{"footnotes":""},"_links":{"self":[{"href":"https:\/\/flash-photobooths.com\/de\/wp-json\/wp\/v2\/pages\/785"}],"collection":[{"href":"https:\/\/flash-photobooths.com\/de\/wp-json\/wp\/v2\/pages"}],"about":[{"href":"https:\/\/flash-photobooths.com\/de\/wp-json\/wp\/v2\/types\/page"}],"author":[{"embeddable":true,"href":"https:\/\/flash-photobooths.com\/de\/wp-json\/wp\/v2\/users\/1"}],"replies":[{"embeddable":true,"href":"https:\/\/flash-photobooths.com\/de\/wp-json\/wp\/v2\/comments?post=785"}],"version-history":[{"count":8,"href":"https:\/\/flash-photobooths.com\/de\/wp-json\/wp\/v2\/pages\/785\/revisions"}],"predecessor-version":[{"id":1174,"href":"https:\/\/flash-photobooths.com\/de\/wp-json\/wp\/v2\/pages\/785\/revisions\/1174"}],"wp:attachment":[{"href":"https:\/\/flash-photobooths.com\/de\/wp-json\/wp\/v2\/media?parent=785"}],"curies":[{"name":"wp","href":"https:\/\/api.w.org\/{rel}","templated":true}]}}