{"id":781,"date":"2016-01-30T10:50:25","date_gmt":"2016-01-30T10:50:25","guid":{"rendered":"http:\/\/flash-photobooths.com\/de\/?page_id=781"},"modified":"2023-06-20T11:14:58","modified_gmt":"2023-06-20T11:14:58","slug":"fotoboxen-mieten-photobox-verleih","status":"publish","type":"page","link":"https:\/\/flash-photobooths.com\/de\/fotoboxen-mieten-photobox-verleih\/","title":{"rendered":"Photobox Mieten"},"content":{"rendered":"<h2 style=\"text-align: center;\">Fotokabinen mieten, Fotoboxen mieten,\u00a0Fotoautomaten\u00a0Verleih<\/h2>\n<p><a href=\"https:\/\/flash-photobooths.com\/de\/\"><strong>P<\/strong><strong>hoto<\/strong><b>box<\/b><\/a>\u00a0Verleih, das sind lustige Selbstportraits der G\u00e4ste im mobilen Fotostudio. Miete unsere mobile <a href=\"http:\/\/flash-photobooths.com\/de\/\"><strong>Fotobox<\/strong> <\/a>komplett inklusive Personal und Aufbau &#8211; Du brauchst dich um nichts zu k\u00fcmmern. Das <strong><a href=\"http:\/\/flash-photobooths.com\/de\/\">Photo Booth<\/a><\/strong> ist ein Spa\u00df f\u00fcr Jung und Alt &#8211; egal ob auf einer Hochzeit, Geburstagsparty\u00a0oder Firmenfeier, Polterabend uns vieles mehr! Die sch\u00f6nen lustigen Bilder erhalten die G\u00e4ste dann<strong> direkt als Geschenk ausgedruckt<\/strong>! . Unser <strong><a href=\"http:\/\/flash-photobooths.com\/de\/\">Party Fotobox System<\/a><\/strong> ist individuell anpassbar und verbreitet viel Spass mit dem\u00a0<a href=\"http:\/\/flash-photobooths.com\/de\/gallery\/\">Greenscreen<\/a>\u00a0als super Hintergrund f\u00fcr extrem lustige Fotomotive ! Die Photobox G\u00e4ste haben immer die verr\u00fccktesten Fotos Ideen.<\/p>\n<div class=\"fusion-fullwidth fullwidth-box fusion-builder-row-1 fusion-flex-container hundred-percent-fullwidth non-hundred-percent-height-scrolling\" style=\"--awb-border-radius-top-left:0px;--awb-border-radius-top-right:0px;--awb-border-radius-bottom-right:0px;--awb-border-radius-bottom-left:0px;--awb-overflow:visible;--awb-flex-wrap:wrap;\" ><div class=\"fusion-builder-row fusion-row fusion-flex-align-items-flex-start fusion-flex-content-wrap\" style=\"width:calc( 100% + 0px ) !important;max-width:calc( 100% + 0px ) !important;margin-left: calc(-0px \/ 2 );margin-right: calc(-0px \/ 2 );\"><div class=\"fusion-layout-column fusion_builder_column fusion-builder-column-0 fusion_builder_column_1_1 1_1 fusion-flex-column fusion-flex-align-self-flex-start fusion-column-no-min-height\" style=\"--awb-bg-size:cover;--awb-width-large:100%;--awb-margin-top-large:0px;--awb-spacing-right-large:0px;--awb-margin-bottom-large:0px;--awb-spacing-left-large:0px;--awb-width-medium:100%;--awb-spacing-right-medium:0px;--awb-spacing-left-medium:0px;--awb-width-small:100%;--awb-spacing-right-small:0px;--awb-spacing-left-small:0px;\"><div class=\"fusion-column-wrapper fusion-flex-justify-content-flex-start fusion-content-layout-column\"><div id=\"attachment_500\" style=\"width: 160px\" class=\"wp-caption alignnone\"><a href=\"http:\/\/flash-photobooths.com\/de\/\" target=\"_blank\" rel=\"noopener\"><img decoding=\"async\" aria-describedby=\"caption-attachment-500\" class=\"wp-image-500 size-thumbnail\" src=\"https:\/\/flash-photobooths.com\/wp-content\/uploads\/sites\/2\/2013\/06\/IMG_5080-WHITE-150x150.jpg\" alt=\"Wei\u00df VW Wohnmobil Photo Booth Mieten\" width=\"150\" height=\"150\" srcset=\"https:\/\/flash-photobooths.com\/wp-content\/uploads\/2013\/06\/IMG_5080-WHITE-66x66.jpg 66w, https:\/\/flash-photobooths.com\/wp-content\/uploads\/2013\/06\/IMG_5080-WHITE-150x150.jpg 150w, https:\/\/flash-photobooths.com\/wp-content\/uploads\/2013\/06\/IMG_5080-WHITE.jpg 1647w\" sizes=\"(max-width: 150px) 100vw, 150px\" \/><\/a><p id=\"caption-attachment-500\" class=\"wp-caption-text\">Wei\u00df VW Wohnmobil Fotoautomaten mieten<\/p><\/div>\n<\/div><\/div><div class=\"fusion-layout-column fusion_builder_column fusion-builder-column-1 fusion_builder_column_1_1 1_1 fusion-flex-column fusion-flex-align-self-flex-start fusion-column-no-min-height\" style=\"--awb-bg-size:cover;--awb-width-large:100%;--awb-margin-top-large:0px;--awb-spacing-right-large:0px;--awb-margin-bottom-large:0px;--awb-spacing-left-large:0px;--awb-width-medium:100%;--awb-spacing-right-medium:0px;--awb-spacing-left-medium:0px;--awb-width-small:100%;--awb-spacing-right-small:0px;--awb-spacing-left-small:0px;\"><div class=\"fusion-column-wrapper fusion-flex-justify-content-flex-start fusion-content-layout-column\"><div id=\"attachment_289\" style=\"width: 160px\" class=\"wp-caption alignnone\"><a href=\"http:\/\/flash-photobooths.com\/de\/\" target=\"_blank\" rel=\"noopener\"><img decoding=\"async\" aria-describedby=\"caption-attachment-289\" class=\"wp-image-289 size-thumbnail\" src=\"https:\/\/flash-photobooths.com\/wp-content\/uploads\/sites\/2\/2013\/06\/Photobooth-FRONT-RIGHT1-150x150.jpg\" alt=\"Schwarz VW Wohnmobil Fotoboxen Fotokabinen Mieten\" width=\"150\" height=\"150\" srcset=\"https:\/\/flash-photobooths.com\/wp-content\/uploads\/2013\/06\/Photobooth-FRONT-RIGHT1-66x66.jpg 66w, https:\/\/flash-photobooths.com\/wp-content\/uploads\/2013\/06\/Photobooth-FRONT-RIGHT1-150x150.jpg 150w, https:\/\/flash-photobooths.com\/wp-content\/uploads\/2013\/06\/Photobooth-FRONT-RIGHT1.jpg 283w\" sizes=\"(max-width: 150px) 100vw, 150px\" \/><\/a><p id=\"caption-attachment-289\" class=\"wp-caption-text\">Schwarz VW Wohnmobil Fotoboxen mieten<\/p><\/div>\n<\/div><\/div><div class=\"fusion-layout-column fusion_builder_column fusion-builder-column-2 fusion_builder_column_1_1 1_1 fusion-flex-column fusion-flex-align-self-flex-start fusion-column-no-min-height\" style=\"--awb-bg-size:cover;--awb-width-large:100%;--awb-margin-top-large:0px;--awb-spacing-right-large:0px;--awb-margin-bottom-large:0px;--awb-spacing-left-large:0px;--awb-width-medium:100%;--awb-spacing-right-medium:0px;--awb-spacing-left-medium:0px;--awb-width-small:100%;--awb-spacing-right-small:0px;--awb-spacing-left-small:0px;\"><div class=\"fusion-column-wrapper fusion-flex-justify-content-flex-start fusion-content-layout-column\"><div id=\"attachment_173\" style=\"width: 160px\" class=\"wp-caption alignnone\"><a href=\"http:\/\/flash-photobooths.com\/de\/\" target=\"_blank\" rel=\"noopener\"><img decoding=\"async\" aria-describedby=\"caption-attachment-173\" class=\"wp-image-173 size-thumbnail\" src=\"https:\/\/flash-photobooths.com\/wp-content\/uploads\/sites\/2\/2013\/06\/photobooths1-150x150.jpg\" alt=\"Schick Wei\u00df Photobooth Mieten\" width=\"150\" height=\"150\" srcset=\"https:\/\/flash-photobooths.com\/wp-content\/uploads\/2013\/06\/photobooths1-66x66.jpg 66w, https:\/\/flash-photobooths.com\/wp-content\/uploads\/2013\/06\/photobooths1-150x150.jpg 150w, https:\/\/flash-photobooths.com\/wp-content\/uploads\/2013\/06\/photobooths1.jpg 455w\" sizes=\"(max-width: 150px) 100vw, 150px\" \/><\/a><p id=\"caption-attachment-173\" class=\"wp-caption-text\">Schick Wei\u00df Fotokabine mieten<\/p><\/div>\n<h2 style=\"text-align: center;\"><strong>Photobox mieten\/ Fotobox Verleih f\u00fcr Abiball, Sommerfest, Messe,Weihnachtsfeier, Hochzeiten, Polterabende, Geburtstagsfeiern und vieles mehr!<\/strong><\/h2>\n<p>Alle unsere Fotoboxen &amp; <a href=\"http:\/\/flash-photobooths.com\/de\/photo-pod\/\" target=\"_blank\" rel=\"noopener\">Fotos\u00e4ule<\/a>n\u00a0verf\u00fcgen \u00fcber einen\u00a0 20 Zoll-interaktiven Touchscreen, welcher sehr einfach zu bedienen ist. Jeder Besuch im Fotobooth oder <a href=\"https:\/\/flash-photobooths.com\/de\/fotosaeule\/\">Photos\u00e4ule<\/a> kann von Ihnen oder Ihren G\u00e4sten individuell gestaltet werden.\u00a0 Es besteht die M\u00f6glichkeit zwischen Schwarz\/Wei\u00df, Sepia, Color oder Videoaufnahmen zu w\u00e4hlen. Wir k\u00f6nnen auch passend zu Ihrer Veranstaltung Ihren Namen oder Ihr Motto auf jedem Foto in verschiedenen Varianten drucken und gestalten.<\/p>\n<\/div><\/div><div class=\"fusion-layout-column fusion_builder_column fusion-builder-column-3 fusion_builder_column_1_1 1_1 fusion-flex-column fusion-flex-align-self-flex-start fusion-column-no-min-height\" style=\"--awb-bg-size:cover;--awb-width-large:100%;--awb-margin-top-large:0px;--awb-spacing-right-large:0px;--awb-margin-bottom-large:0px;--awb-spacing-left-large:0px;--awb-width-medium:100%;--awb-spacing-right-medium:0px;--awb-spacing-left-medium:0px;--awb-width-small:100%;--awb-spacing-right-small:0px;--awb-spacing-left-small:0px;\"><div class=\"fusion-column-wrapper fusion-flex-justify-content-flex-start fusion-content-layout-column\"><div class=\"fusion-panel panel-default panel-491b18463d39cbcde fusion-toggle-has-divider\"><div class=\"panel-heading\"><h4 class=\"panel-title toggle\" id=\"toggle_491b18463d39cbcde\"><a aria-expanded=\"false\" aria-controls=\"491b18463d39cbcde\" role=\"button\" data-toggle=\"collapse\" data-parent=\"#accordion-781-1\" data-target=\"#491b18463d39cbcde\" href=\"#491b18463d39cbcde\"><span class=\"fusion-toggle-icon-wrapper\" aria-hidden=\"true\"><i class=\"fa-fusion-box active-icon \" aria-hidden=\"true\"><\/i><i class=\"fa-fusion-box inactive-icon \" aria-hidden=\"true\"><\/i><\/span><span class=\"fusion-toggle-heading\">Videonachrichten<\/span><\/a><\/h4><\/div><div id=\"491b18463d39cbcde\" class=\"panel-collapse collapse \" aria-labelledby=\"toggle_491b18463d39cbcde\"><div class=\"panel-body toggle-content fusion-clearfix\">Unsere Fotoautomaten &amp;\u00a0<a href=\"http:\/\/flash-photobooths.com\/de\/photo-pod\/\" target=\"_blank\" rel=\"noopener\">Fotos\u00e4ule<\/a>\u00a0haben eine kostenlose Option, pers\u00f6nliche Videonachrichten aufzunehmen. Diese werden in der Fotokabine erfasst und k\u00f6nnen sp\u00e4ter als Geschenk \/Tagebuch hinterlassen werden. Somit k\u00f6nnen z.B. Ihre G\u00e4ste Ihnen ein ganz Individuelles Videogeschenk in den Fotoautomaten machen. Nat\u00fcrlich k\u00f6nnen auch Sie eine Nachricht f\u00fcr Ihre G\u00e4ste hinterlassen.\u00a0 Wenn Sie es w\u00fcnschen geben wir gerne am Ende der Veranstaltung die Videobotschaften gratis\u00a0 als DVD\/USB gebrannt an Sie als Gastgeber herraus.<\/div><\/div><\/div> <\/div><\/div><div class=\"fusion-layout-column fusion_builder_column fusion-builder-column-4 fusion_builder_column_1_1 1_1 fusion-flex-column fusion-flex-align-self-flex-start fusion-column-no-min-height\" style=\"--awb-bg-size:cover;--awb-width-large:100%;--awb-margin-top-large:0px;--awb-spacing-right-large:0px;--awb-margin-bottom-large:0px;--awb-spacing-left-large:0px;--awb-width-medium:100%;--awb-spacing-right-medium:0px;--awb-spacing-left-medium:0px;--awb-width-small:100%;--awb-spacing-right-small:0px;--awb-spacing-left-small:0px;\"><div class=\"fusion-column-wrapper fusion-flex-justify-content-flex-start fusion-content-layout-column\"><div class=\"fusion-panel panel-default panel-b1983ce57025769e9 fusion-toggle-has-divider\"><div class=\"panel-heading\"><h4 class=\"panel-title toggle\" id=\"toggle_b1983ce57025769e9\"><a aria-expanded=\"false\" aria-controls=\"b1983ce57025769e9\" role=\"button\" data-toggle=\"collapse\" data-parent=\"#accordion-781-1\" data-target=\"#b1983ce57025769e9\" href=\"#b1983ce57025769e9\"><span class=\"fusion-toggle-icon-wrapper\" aria-hidden=\"true\"><i class=\"fa-fusion-box active-icon \" aria-hidden=\"true\"><\/i><i class=\"fa-fusion-box inactive-icon \" aria-hidden=\"true\"><\/i><\/span><span class=\"fusion-toggle-heading\">Bildoptionen<\/span><\/a><\/h4><\/div><div id=\"b1983ce57025769e9\" class=\"panel-collapse collapse \" aria-labelledby=\"toggle_b1983ce57025769e9\"><div class=\"panel-body toggle-content fusion-clearfix\">Unser Fotoboxen &amp; <a href=\"http:\/\/flash-photobooths.com\/de\/photo-pod\/\" target=\"_blank\" rel=\"noopener\">Fotos\u00e4ule<\/a>\u00a0bestehen mehrere M\u00f6glichkeiten die Fotos, die mit dem \u00a0Fotobooths aufgenommen werden zu gestalten. Zu den w\u00e4hlbaren Optionen geh\u00f6ren: &#8211; Veranstaltungsnahmen, Farbschema oder Logo auf dem Bild &#8211; Einzelne \/ 4er Fotos oder 6er Fotos auf einem Auszug &#8211; Hintergr\u00fcnde ( hier besteht die M\u00f6glichkeit einen einheitlichen Hintergrund zu w\u00e4hlen, auch eigene Fotos von Ihnen k\u00f6nnen wir rotieren lassen. Nat\u00fcrlich kann man die Leinwand auch ganz mit weissem Hintergrung gestalten.<\/div><\/div><\/div> <\/div><\/div><div class=\"fusion-layout-column fusion_builder_column fusion-builder-column-5 fusion_builder_column_1_1 1_1 fusion-flex-column fusion-flex-align-self-flex-start fusion-column-no-min-height\" style=\"--awb-bg-size:cover;--awb-width-large:100%;--awb-margin-top-large:0px;--awb-spacing-right-large:0px;--awb-margin-bottom-large:0px;--awb-spacing-left-large:0px;--awb-width-medium:100%;--awb-spacing-right-medium:0px;--awb-spacing-left-medium:0px;--awb-width-small:100%;--awb-spacing-right-small:0px;--awb-spacing-left-small:0px;\"><div class=\"fusion-column-wrapper fusion-flex-justify-content-flex-start fusion-content-layout-column\"><div class=\"fusion-panel panel-default panel-6123ed25781f0a74f fusion-toggle-has-divider\"><div class=\"panel-heading\"><h4 class=\"panel-title toggle\" id=\"toggle_6123ed25781f0a74f\"><a aria-expanded=\"false\" aria-controls=\"6123ed25781f0a74f\" role=\"button\" data-toggle=\"collapse\" data-parent=\"#accordion-781-1\" data-target=\"#6123ed25781f0a74f\" href=\"#6123ed25781f0a74f\"><span class=\"fusion-toggle-icon-wrapper\" aria-hidden=\"true\"><i class=\"fa-fusion-box active-icon \" aria-hidden=\"true\"><\/i><i class=\"fa-fusion-box inactive-icon \" aria-hidden=\"true\"><\/i><\/span><span class=\"fusion-toggle-heading\">Facebook oder Email Support (auf Wunsch)<\/span><\/a><\/h4><\/div><div id=\"6123ed25781f0a74f\" class=\"panel-collapse collapse \" aria-labelledby=\"toggle_6123ed25781f0a74f\"><div class=\"panel-body toggle-content fusion-clearfix\"><img decoding=\"async\" class=\"size-full wp-image-186 alignleft\" title=\"Fotobox mieten Hamburg\" src=\"https:\/\/flash-photobooths.com\/wp-content\/uploads\/sites\/2\/2013\/06\/Social-Media-logos.png\" alt=\"Foto Box mieten Hamburg\" width=\"100\" height=\"53\" \/>Alle Fotos k\u00f6nnen an Ihr <a href=\"https:\/\/www.facebook.com\/Flash.Photobooths.FP\/\" target=\"_blank\" rel=\"noopener\">Facebook Account<\/a> oder an Ihre E-Mail Adresse direkt aus der Fotokabine &amp; <a href=\"http:\/\/flash-photobooths.com\/de\/photo-pod\/\" target=\"_blank\" rel=\"noopener\">Fotos\u00e4ule<\/a> verschickt werden. Das gleiche gilt nat\u00fcrlich auch f\u00fcr Ihre Videobotschaften!<\/p>\n<div class=\"clear\"><\/div>\n<\/div><\/div><\/div> <\/div><\/div><div class=\"fusion-layout-column fusion_builder_column fusion-builder-column-6 fusion_builder_column_1_1 1_1 fusion-flex-column fusion-flex-align-self-flex-start fusion-column-no-min-height\" style=\"--awb-bg-size:cover;--awb-width-large:100%;--awb-margin-top-large:0px;--awb-spacing-right-large:0px;--awb-margin-bottom-large:0px;--awb-spacing-left-large:0px;--awb-width-medium:100%;--awb-spacing-right-medium:0px;--awb-spacing-left-medium:0px;--awb-width-small:100%;--awb-spacing-right-small:0px;--awb-spacing-left-small:0px;\"><div class=\"fusion-column-wrapper fusion-flex-justify-content-flex-start fusion-content-layout-column\"><div class=\"fusion-panel panel-default panel-e1b5f6f83a323f353 fusion-toggle-has-divider\"><div class=\"panel-heading\"><h4 class=\"panel-title toggle\" id=\"toggle_e1b5f6f83a323f353\"><a aria-expanded=\"false\" aria-controls=\"e1b5f6f83a323f353\" role=\"button\" data-toggle=\"collapse\" data-parent=\"#accordion-781-1\" data-target=\"#e1b5f6f83a323f353\" href=\"#e1b5f6f83a323f353\"><span class=\"fusion-toggle-icon-wrapper\" aria-hidden=\"true\"><i class=\"fa-fusion-box active-icon \" aria-hidden=\"true\"><\/i><i class=\"fa-fusion-box inactive-icon \" aria-hidden=\"true\"><\/i><\/span><span class=\"fusion-toggle-heading\">Flash Photobooth Personal<\/span><\/a><\/h4><\/div><div id=\"e1b5f6f83a323f353\" class=\"panel-collapse collapse \" aria-labelledby=\"toggle_e1b5f6f83a323f353\"><div class=\"panel-body toggle-content fusion-clearfix\">Wir arbeiten in einem freundlichen Team aus zwei professionellen Betreibern, die f\u00fcr die gesamte Dauer des Auftrages vor Ort sind. Dadurch k\u00f6nnen wir bei eventuell anfallenden Fragen sofort Hilfestellung bieten.<\/div><\/div><\/div> <\/div><\/div><div class=\"fusion-layout-column fusion_builder_column fusion-builder-column-7 fusion_builder_column_1_1 1_1 fusion-flex-column fusion-flex-align-self-flex-start fusion-column-no-min-height\" style=\"--awb-bg-size:cover;--awb-width-large:100%;--awb-margin-top-large:0px;--awb-spacing-right-large:0px;--awb-margin-bottom-large:0px;--awb-spacing-left-large:0px;--awb-width-medium:100%;--awb-spacing-right-medium:0px;--awb-spacing-left-medium:0px;--awb-width-small:100%;--awb-spacing-right-small:0px;--awb-spacing-left-small:0px;\"><div class=\"fusion-column-wrapper fusion-flex-justify-content-flex-start fusion-content-layout-column\"><div class=\"fusion-panel panel-default panel-a67d8194a9b4dcebb fusion-toggle-has-divider\"><div class=\"panel-heading\"><h4 class=\"panel-title toggle\" id=\"toggle_a67d8194a9b4dcebb\"><a aria-expanded=\"false\" aria-controls=\"a67d8194a9b4dcebb\" role=\"button\" data-toggle=\"collapse\" data-parent=\"#accordion-781-1\" data-target=\"#a67d8194a9b4dcebb\" href=\"#a67d8194a9b4dcebb\"><span class=\"fusion-toggle-icon-wrapper\" aria-hidden=\"true\"><i class=\"fa-fusion-box active-icon \" aria-hidden=\"true\"><\/i><i class=\"fa-fusion-box inactive-icon \" aria-hidden=\"true\"><\/i><\/span><span class=\"fusion-toggle-heading\">Fun Screen<\/span><\/a><\/h4><\/div><div id=\"a67d8194a9b4dcebb\" class=\"panel-collapse collapse \" aria-labelledby=\"toggle_a67d8194a9b4dcebb\"><div class=\"panel-body toggle-content fusion-clearfix\">Alle Fotos, die w\u00e4hrend der Veranstaltung aufgenommen werden, k\u00f6nnen auf einem 28 Zoll gro\u00dfen Flachbild TV auch 50 Meter au\u00dferhalb der Kabine gezeigt werden.<\/div><\/div><\/div> <\/div><\/div><div class=\"fusion-layout-column fusion_builder_column fusion-builder-column-8 fusion_builder_column_1_1 1_1 fusion-flex-column fusion-flex-align-self-flex-start fusion-column-no-min-height\" style=\"--awb-bg-size:cover;--awb-width-large:100%;--awb-margin-top-large:0px;--awb-spacing-right-large:0px;--awb-margin-bottom-large:0px;--awb-spacing-left-large:0px;--awb-width-medium:100%;--awb-spacing-right-medium:0px;--awb-spacing-left-medium:0px;--awb-width-small:100%;--awb-spacing-right-small:0px;--awb-spacing-left-small:0px;\"><div class=\"fusion-column-wrapper fusion-flex-justify-content-flex-start fusion-content-layout-column\"><div class=\"fusion-panel panel-default panel-9927769f7e5b63dc8 fusion-toggle-has-divider\"><div class=\"panel-heading\"><h4 class=\"panel-title toggle\" id=\"toggle_9927769f7e5b63dc8\"><a aria-expanded=\"false\" aria-controls=\"9927769f7e5b63dc8\" role=\"button\" data-toggle=\"collapse\" data-parent=\"#accordion-781-1\" data-target=\"#9927769f7e5b63dc8\" href=\"#9927769f7e5b63dc8\"><span class=\"fusion-toggle-icon-wrapper\" aria-hidden=\"true\"><i class=\"fa-fusion-box active-icon \" aria-hidden=\"true\"><\/i><i class=\"fa-fusion-box inactive-icon \" aria-hidden=\"true\"><\/i><\/span><span class=\"fusion-toggle-heading\">Green Screen<\/span><\/a><\/h4><\/div><div id=\"9927769f7e5b63dc8\" class=\"panel-collapse collapse \" aria-labelledby=\"toggle_9927769f7e5b63dc8\"><div class=\"panel-body toggle-content fusion-clearfix\"><a href=\"https:\/\/flash-photobooths.com\/wp-content\/uploads\/sites\/2\/2013\/06\/GreenScreen.jpg\"><img decoding=\"async\" class=\"wp-image-184 alignleft\" title=\"Fotobox Green Screen\" src=\"https:\/\/flash-photobooths.com\/wp-content\/uploads\/sites\/2\/2013\/06\/GreenScreen-300x200.jpg\" alt=\"Wechselner HIntergrund \" width=\"100\" height=\"70\" srcset=\"https:\/\/flash-photobooths.com\/wp-content\/uploads\/2013\/06\/GreenScreen-300x214.jpg 300w, https:\/\/flash-photobooths.com\/wp-content\/uploads\/2013\/06\/GreenScreen.jpg 700w\" sizes=\"(max-width: 100px) 100vw, 100px\" \/><\/a>W\u00e4hlen Sie zwischen unserem traditionellen wei\u00dfen Photobooth Hintergrund und dem Green Screen Hintergrund. Der Green Screen erm\u00f6glicht jegliche Art von Bildern in den Hintergrund zu projektieren. Zum Beispiel: einen Strand, Hollywood, den S\u00fcdpol, den Mond oder vielleicht haben Sie ein paar pers\u00f6nliche Bilder, die Sie gerne im Hintergrund erscheinen lassen m\u00f6chten. Die M\u00f6glichkeiten sind endlos mit Flash-Photobooths und unseren Fotoboxen.<\/p>\n<div class=\"clear\"><\/div>\n<\/div><\/div><\/div> <\/div><\/div><div class=\"fusion-layout-column fusion_builder_column fusion-builder-column-9 fusion_builder_column_1_1 1_1 fusion-flex-column fusion-flex-align-self-flex-start fusion-column-no-min-height\" style=\"--awb-bg-size:cover;--awb-width-large:100%;--awb-margin-top-large:0px;--awb-spacing-right-large:0px;--awb-margin-bottom-large:0px;--awb-spacing-left-large:0px;--awb-width-medium:100%;--awb-spacing-right-medium:0px;--awb-spacing-left-medium:0px;--awb-width-small:100%;--awb-spacing-right-small:0px;--awb-spacing-left-small:0px;\"><div class=\"fusion-column-wrapper fusion-flex-justify-content-flex-start fusion-content-layout-column\"><div class=\"fusion-panel panel-default panel-6bd6228386380ea91 fusion-toggle-has-divider\"><div class=\"panel-heading\"><h4 class=\"panel-title toggle\" id=\"toggle_6bd6228386380ea91\"><a aria-expanded=\"false\" aria-controls=\"6bd6228386380ea91\" role=\"button\" data-toggle=\"collapse\" data-parent=\"#accordion-781-1\" data-target=\"#6bd6228386380ea91\" href=\"#6bd6228386380ea91\"><span class=\"fusion-toggle-icon-wrapper\" aria-hidden=\"true\"><i class=\"fa-fusion-box active-icon \" aria-hidden=\"true\"><\/i><i class=\"fa-fusion-box inactive-icon \" aria-hidden=\"true\"><\/i><\/span><span class=\"fusion-toggle-heading\">Props<\/span><\/a><\/h4><\/div><div id=\"6bd6228386380ea91\" class=\"panel-collapse collapse \" aria-labelledby=\"toggle_6bd6228386380ea91\"><div class=\"panel-body toggle-content fusion-clearfix\"><a href=\"https:\/\/flash-photobooths.com\/wp-content\/uploads\/sites\/2\/2013\/06\/Props.jpg\"><img decoding=\"async\" class=\" wp-image-181 alignleft\" title=\"Verkleidungsgegenstaende Fotobox mieten\" src=\"https:\/\/flash-photobooths.com\/wp-content\/uploads\/sites\/2\/2013\/06\/Props-223x300.jpg\" alt=\"Peruecken Fotobox Verleih\" width=\"100\" height=\"120\" \/><\/a>Wir bringen zwei gro\u00dfe Koffer voller Verkleidungsst\u00fccke, wie zum Beispiel H\u00fcte, Per\u00fccken, verschiedene Brillen, einige Masken und vieles mehr. Diese koennen Ihre Besucher dann zu Ihrer persoenlichen Bildgestaltung nutzen und es erweitert den Spassfaktor fuer Ihre Gaeste.<\/p>\n<div class=\"clear\"><\/div>\n<\/div><\/div><\/div> <\/div><\/div><div class=\"fusion-layout-column fusion_builder_column fusion-builder-column-10 fusion_builder_column_1_1 1_1 fusion-flex-column fusion-flex-align-self-flex-start fusion-column-no-min-height\" style=\"--awb-bg-size:cover;--awb-width-large:100%;--awb-margin-top-large:0px;--awb-spacing-right-large:0px;--awb-margin-bottom-large:0px;--awb-spacing-left-large:0px;--awb-width-medium:100%;--awb-spacing-right-medium:0px;--awb-spacing-left-medium:0px;--awb-width-small:100%;--awb-spacing-right-small:0px;--awb-spacing-left-small:0px;\"><div class=\"fusion-column-wrapper fusion-flex-justify-content-flex-start fusion-content-layout-column\"><div class=\"fusion-panel panel-default panel-64410b40f9e76b6f1 fusion-toggle-has-divider\"><div class=\"panel-heading\"><h4 class=\"panel-title toggle\" id=\"toggle_64410b40f9e76b6f1\"><a aria-expanded=\"false\" aria-controls=\"64410b40f9e76b6f1\" role=\"button\" data-toggle=\"collapse\" data-parent=\"#accordion-781-1\" data-target=\"#64410b40f9e76b6f1\" href=\"#64410b40f9e76b6f1\"><span class=\"fusion-toggle-icon-wrapper\" aria-hidden=\"true\"><i class=\"fa-fusion-box active-icon \" aria-hidden=\"true\"><\/i><i class=\"fa-fusion-box inactive-icon \" aria-hidden=\"true\"><\/i><\/span><span class=\"fusion-toggle-heading\">Key Ring Service<\/span><\/a><\/h4><\/div><div id=\"64410b40f9e76b6f1\" class=\"panel-collapse collapse \" aria-labelledby=\"toggle_64410b40f9e76b6f1\"><div class=\"panel-body toggle-content fusion-clearfix\"><\/div><\/div><\/div><img decoding=\"async\" class=\" wp-image-178 alignleft\" title=\"Schluesselanhaenger Fotobox mieten Hamburg\" src=\"https:\/\/flash-photobooths.com\/wp-content\/uploads\/sites\/2\/2013\/06\/keyring.jpg\" alt=\"Schluesselanhaenger Fotobox Verleih Hannover\" width=\"100\" height=\"79\" \/>Schl\u00fcsselanh\u00e4nger auf Wunsch, beidseitig bedruckbar! Auch dieses Angebot koennen Sie gerne nutzen. So haben Sie auch in Ihrem taeglichen Leben immer wieder die Moeglichkeit sich per Foto an einige schoene Momente durch unsere Fotoboxen zu erinnern und erfreuen.<\/p>\n<div class=\"clear\"><\/div>\n<\/div><\/div><\/div><\/div>\n","protected":false},"excerpt":{"rendered":"<p>Fotokabinen mieten, Fotoboxen mieten,\u00a0Fotoautomaten\u00a0Verleih Photobox\u00a0Verleih, das sind lustige Selbstportraits der [&hellip;]<\/p>\n","protected":false},"author":1,"featured_media":0,"parent":0,"menu_order":0,"comment_status":"closed","ping_status":"closed","template":"","meta":{"footnotes":""},"_links":{"self":[{"href":"https:\/\/flash-photobooths.com\/de\/wp-json\/wp\/v2\/pages\/781"}],"collection":[{"href":"https:\/\/flash-photobooths.com\/de\/wp-json\/wp\/v2\/pages"}],"about":[{"href":"https:\/\/flash-photobooths.com\/de\/wp-json\/wp\/v2\/types\/page"}],"author":[{"embeddable":true,"href":"https:\/\/flash-photobooths.com\/de\/wp-json\/wp\/v2\/users\/1"}],"replies":[{"embeddable":true,"href":"https:\/\/flash-photobooths.com\/de\/wp-json\/wp\/v2\/comments?post=781"}],"version-history":[{"count":8,"href":"https:\/\/flash-photobooths.com\/de\/wp-json\/wp\/v2\/pages\/781\/revisions"}],"predecessor-version":[{"id":1175,"href":"https:\/\/flash-photobooths.com\/de\/wp-json\/wp\/v2\/pages\/781\/revisions\/1175"}],"wp:attachment":[{"href":"https:\/\/flash-photobooths.com\/de\/wp-json\/wp\/v2\/media?parent=781"}],"curies":[{"name":"wp","href":"https:\/\/api.w.org\/{rel}","templated":true}]}}