{"id":777,"date":"2016-01-30T10:48:32","date_gmt":"2016-01-30T10:48:32","guid":{"rendered":"http:\/\/flash-photobooths.com\/de\/?page_id=777"},"modified":"2023-06-20T11:14:58","modified_gmt":"2023-06-20T11:14:58","slug":"love-buchstaben","status":"publish","type":"page","link":"https:\/\/flash-photobooths.com\/de\/love-buchstaben\/","title":{"rendered":"LOVE Buchstaben Mieten"},"content":{"rendered":"<h1><span style=\"text-decoration: underline;\"><span style=\"color: #808080; text-decoration: underline;\">LOVE Buchstaben mieten<img decoding=\"async\" class=\" wp-image-613 size-medium alignright\" src=\"https:\/\/flash-photobooths.com\/wp-content\/uploads\/sites\/2\/2015\/06\/image2-300x300.jpg\" alt=\"Leuchtaufsteller Love meiten\" width=\"300\" height=\"300\" srcset=\"https:\/\/flash-photobooths.com\/wp-content\/uploads\/2015\/06\/image2-66x66.jpg 66w, https:\/\/flash-photobooths.com\/wp-content\/uploads\/2015\/06\/image2-150x150.jpg 150w, https:\/\/flash-photobooths.com\/wp-content\/uploads\/2015\/06\/image2-300x300.jpg 300w, https:\/\/flash-photobooths.com\/wp-content\/uploads\/2015\/06\/image2.jpg 640w\" sizes=\"(max-width: 300px) 100vw, 300px\" \/><\/span><\/span><\/h1>\n<h2><span lang=\"de\">Verleih leuchtener LOVE Buchstaben\u00a0<\/span><\/h2>\n<h3 style=\"text-align: left;\">Unsere\u00a0LED LOVE Buchstaben\u00a0\u00a0&#8211; Diese wundersch\u00f6nen beleuchteten Buchstaben werden das Highlight auf Ihrer Party. Ihre G\u00e4ste werden diese Buchstaben lieben und lange dar\u00fcber sprechen. Sie bereiten eine wundersch\u00f6ne Atmosph\u00e4re auf Ihrer Hochzeit.<\/h3>\n<p>Wir bei Flash- photobooths glauben daran, dass Sie Ihren grossen Tag nur einmal im Leben feiern werden. Dieser Tag soll mit vielen Details unvergesslich werden. Lassen Sie uns deshalb Ihren grossen Tag gemeinsam mit wunderbaren Details f\u00fcllen. Hier bieten wir Ihnen an, unsere grossen beleuchteten LOVE Buchstaben f\u00fcr Ihre Hochzeit zu mieten. Bei mehr als 1,5 Meter h\u00f6he , werden unsere beleuchteten Buchstaben eine perfekte Erg\u00e4nzung f\u00fcr Ihre Party und Ihren ersten Tanz . Die <a href=\"http:\/\/flash-photobooths.com\/de\/sparkling-dance-floor\/\" target=\"_blank\" rel=\"noopener\">Tanzfl\u00e4che<\/a> erstrahlt in einem romantischen Licht und bringt die Atmosph\u00e4re zum strahlen.<\/p>\n<p>Jeder handgefertigte Holzbuchstabe ist freistehend , damit Sie es positionieren k\u00f6nnen, wo immer Sie es w\u00fcnschen.<\/p>\n<h4 id=\"tw-target-text\" class=\"tw-data-text vk_txt tw-ta tw-text-small\"><span lang=\"de\">Jeder Buchstabe liegt bei 153cm h\u00f6he und ca. 85 cm breite . Jeder unserer Buchstaben hat rund 12 Niederspannungswarm-wei\u00dfe Leuchtdioden mit einer Diamant- Cabochon Abdeckung , um diese eine Vintage und glitzernden Aussehen zu geben. Sie sind ber\u00fchrungssicher und freundlich zu unserer Umwelt.<\/span><\/h4>\n<h5 id=\"tw-target-text\" class=\"tw-data-text vk_txt tw-ta tw-text-small\"><span lang=\"de\">Wir w\u00fcrden uns freuen, wenn Sie uns f\u00fcr Ihr pers\u00f6nliches Event eine Anfrage senden w\u00fcrden. Wir k\u00f6nnen Ihnen ein individuelles Angebot f\u00fcr unsere LOVE Buchstaben machen. Der Preis liegt bei 200 \u00a0bis 250 Euro pro Veranstaltung. Wir bieten unsere beleuchteten LOVE Buchstaben f\u00fcr den gesamten Bereich rund um Niedersachsen zu dem Preis an. Ausserhalb dieses Bereiches ist es auf Anfrage auch m\u00f6glich unsere Buchstaben zu mieten. Ein Preisnachlass ist m\u00f6glich bei einer Kombinationsbuchung mit unseren <a href=\"http:\/\/flash-photobooths.com\/de\/photo-booth-hire\/\" target=\"_blank\" rel=\"noopener\">Fotoautomaten<\/a> &#8211; <a href=\"http:\/\/flash-photobooths.com\/de\/photo-pod\/\" target=\"_blank\" rel=\"noopener\">Fotos\u00e4ule<\/a> oder unserer beleuchteten <a href=\"http:\/\/flash-photobooths.com\/de\/sparkling-dance-floor\/\" target=\"_blank\" rel=\"noopener\">Tanzfl\u00e4che<\/a>.<\/span><\/h5>\n<h3 style=\"text-align: left;\">&#8222;LOVE&#8220;<\/h3>\n<h3 style=\"text-align: left;\">in 3D Optik<\/h3>\n<h3 style=\"text-align: left;\">sind 153 cm hoch und 80 cm breit.<\/h3>\n<div class=\"fusion-fullwidth fullwidth-box fusion-builder-row-1 fusion-flex-container hundred-percent-fullwidth non-hundred-percent-height-scrolling\" style=\"--awb-border-radius-top-left:0px;--awb-border-radius-top-right:0px;--awb-border-radius-bottom-right:0px;--awb-border-radius-bottom-left:0px;--awb-overflow:visible;--awb-flex-wrap:wrap;\" ><div class=\"fusion-builder-row fusion-row fusion-flex-align-items-flex-start fusion-flex-content-wrap\" style=\"width:calc( 100% + 0px ) !important;max-width:calc( 100% + 0px ) !important;margin-left: calc(-0px \/ 2 );margin-right: calc(-0px \/ 2 );\"><div class=\"fusion-layout-column fusion_builder_column fusion-builder-column-0 fusion_builder_column_1_1 1_1 fusion-flex-column fusion-flex-align-self-flex-start fusion-column-no-min-height\" style=\"--awb-bg-size:cover;--awb-width-large:100%;--awb-margin-top-large:0px;--awb-spacing-right-large:0px;--awb-margin-bottom-large:0px;--awb-spacing-left-large:0px;--awb-width-medium:100%;--awb-spacing-right-medium:0px;--awb-spacing-left-medium:0px;--awb-width-small:100%;--awb-spacing-right-small:0px;--awb-spacing-left-small:0px;\"><div class=\"fusion-column-wrapper fusion-flex-justify-content-flex-start fusion-content-layout-column\"><div id=\"attachment_681\" style=\"width: 970px\" class=\"wp-caption aligncenter\"><a href=\"http:\/\/flash-photobooths.com\/de\/sparkling-dance-floor\/\"><img decoding=\"async\" aria-describedby=\"caption-attachment-681\" class=\"wp-image-681 size-full\" src=\"https:\/\/flash-photobooths.com\/wp-content\/uploads\/sites\/2\/2013\/10\/Flash-Love-Letters-and-Dancefloor.jpg\" alt=\"LOVE Buchstaben mieten\" width=\"960\" height=\"543\" srcset=\"https:\/\/flash-photobooths.com\/wp-content\/uploads\/2013\/10\/Flash-Love-Letters-and-Dancefloor-300x170.jpg 300w, https:\/\/flash-photobooths.com\/wp-content\/uploads\/2013\/10\/Flash-Love-Letters-and-Dancefloor-768x434.jpg 768w, https:\/\/flash-photobooths.com\/wp-content\/uploads\/2013\/10\/Flash-Love-Letters-and-Dancefloor.jpg 960w\" sizes=\"(max-width: 960px) 100vw, 960px\" \/><\/a><p id=\"caption-attachment-681\" class=\"wp-caption-text\">LOVE Buchstaben mieten &amp; Leuchtende Tanzfl\u00e4che<\/p><\/div>\n<h3 style=\"text-align: center;\"><span style=\"color: #ff0000;\">Kontakt :<\/span><\/h3>\n<h3 style=\"text-align: center;\"><span style=\"color: #ff0000;\">Craig: 015233990346 oder 051983039930<\/span><\/h3>\n<h3 style=\"text-align: center;\"><span style=\"color: #ff0000;\">Craig@flash-photobooths.com<\/span><\/h3>\n<p><a href=\"https:\/\/flash-photobooths.com\/wp-content\/uploads\/sites\/2\/2015\/06\/image4.jpg\"><img decoding=\"async\" class=\"aligncenter wp-image-615 size-full\" src=\"https:\/\/flash-photobooths.com\/wp-content\/uploads\/sites\/2\/2015\/06\/image4.jpg\" alt=\"Love Letter Hire\" width=\"751\" height=\"422\" \/><\/a><\/p>\n<p><a href=\"https:\/\/flash-photobooths.com\/wp-content\/uploads\/sites\/2\/2015\/06\/Photo-22-08-2015-11-22-591.jpg\"><img decoding=\"async\" class=\"alignleft wp-image-702 size-thumbnail\" src=\"https:\/\/flash-photobooths.com\/wp-content\/uploads\/sites\/2\/2015\/06\/Photo-22-08-2015-11-22-591-150x150.jpg\" alt=\"LOVE Sign\" width=\"150\" height=\"150\" srcset=\"https:\/\/flash-photobooths.com\/wp-content\/uploads\/2015\/06\/Photo-22-08-2015-11-22-591-66x66.jpg 66w, https:\/\/flash-photobooths.com\/wp-content\/uploads\/2015\/06\/Photo-22-08-2015-11-22-591-150x150.jpg 150w, https:\/\/flash-photobooths.com\/wp-content\/uploads\/2015\/06\/Photo-22-08-2015-11-22-591.jpg 3264w\" sizes=\"(max-width: 150px) 100vw, 150px\" \/><\/a> <a href=\"https:\/\/flash-photobooths.com\/wp-content\/uploads\/sites\/2\/2015\/06\/LED-Love-sign.jpg\"><img decoding=\"async\" class=\"alignleft wp-image-705 size-thumbnail\" src=\"https:\/\/flash-photobooths.com\/wp-content\/uploads\/sites\/2\/2015\/06\/LED-Love-sign-150x150.jpg\" alt=\"LED Love sign\" width=\"150\" height=\"150\" srcset=\"https:\/\/flash-photobooths.com\/wp-content\/uploads\/2015\/06\/LED-Love-sign-66x66.jpg 66w, https:\/\/flash-photobooths.com\/wp-content\/uploads\/2015\/06\/LED-Love-sign-150x150.jpg 150w, https:\/\/flash-photobooths.com\/wp-content\/uploads\/2015\/06\/LED-Love-sign.jpg 2285w\" sizes=\"(max-width: 150px) 100vw, 150px\" \/><\/a><a href=\"https:\/\/flash-photobooths.com\/wp-content\/uploads\/sites\/2\/2015\/06\/File-03-01-2016-21-20-39.jpeg\"><img decoding=\"async\" class=\"alignleft wp-image-727 size-thumbnail\" src=\"https:\/\/flash-photobooths.com\/wp-content\/uploads\/sites\/2\/2015\/06\/File-03-01-2016-21-20-39-150x150.jpeg\" alt=\"Illuminated LOVE sign\" width=\"150\" height=\"150\" srcset=\"https:\/\/flash-photobooths.com\/wp-content\/uploads\/2015\/06\/File-03-01-2016-21-20-39-66x66.jpeg 66w, https:\/\/flash-photobooths.com\/wp-content\/uploads\/2015\/06\/File-03-01-2016-21-20-39-150x150.jpeg 150w, https:\/\/flash-photobooths.com\/wp-content\/uploads\/2015\/06\/File-03-01-2016-21-20-39.jpeg 1599w\" sizes=\"(max-width: 150px) 100vw, 150px\" \/><\/a> <a href=\"https:\/\/flash-photobooths.com\/wp-content\/uploads\/sites\/2\/2015\/06\/File-03-01-2016-21-21-12.jpeg\"><img decoding=\"async\" class=\"alignleft wp-image-728 size-thumbnail\" src=\"https:\/\/flash-photobooths.com\/wp-content\/uploads\/sites\/2\/2015\/06\/File-03-01-2016-21-21-12-150x150.jpeg\" alt=\"light up love sign\" width=\"150\" height=\"150\" srcset=\"https:\/\/flash-photobooths.com\/wp-content\/uploads\/2015\/06\/File-03-01-2016-21-21-12-66x66.jpeg 66w, https:\/\/flash-photobooths.com\/wp-content\/uploads\/2015\/06\/File-03-01-2016-21-21-12-150x150.jpeg 150w, https:\/\/flash-photobooths.com\/wp-content\/uploads\/2015\/06\/File-03-01-2016-21-21-12.jpeg 1024w\" sizes=\"(max-width: 150px) 100vw, 150px\" \/><\/a> <a href=\"https:\/\/flash-photobooths.com\/wp-content\/uploads\/sites\/2\/2015\/06\/File-03-01-2016-21-21-56.jpeg\"><img decoding=\"async\" class=\"alignleft wp-image-729 size-thumbnail\" src=\"https:\/\/flash-photobooths.com\/wp-content\/uploads\/sites\/2\/2015\/06\/File-03-01-2016-21-21-56-150x150.jpeg\" alt=\"vintage love letter\" width=\"150\" height=\"150\" srcset=\"https:\/\/flash-photobooths.com\/wp-content\/uploads\/2015\/06\/File-03-01-2016-21-21-56-66x66.jpeg 66w, https:\/\/flash-photobooths.com\/wp-content\/uploads\/2015\/06\/File-03-01-2016-21-21-56-150x150.jpeg 150w, https:\/\/flash-photobooths.com\/wp-content\/uploads\/2015\/06\/File-03-01-2016-21-21-56.jpeg 1024w\" sizes=\"(max-width: 150px) 100vw, 150px\" \/><\/a><a href=\"https:\/\/flash-photobooths.com\/wp-content\/uploads\/sites\/2\/2015\/06\/MTS_2927-2.jpg\"><img decoding=\"async\" class=\"alignleft wp-image-731 size-thumbnail\" src=\"https:\/\/flash-photobooths.com\/wp-content\/uploads\/sites\/2\/2015\/06\/MTS_2927-2-150x150.jpg\" alt=\"Wedding Love letter\" width=\"150\" height=\"150\" srcset=\"https:\/\/flash-photobooths.com\/wp-content\/uploads\/2015\/06\/MTS_2927-2-66x66.jpg 66w, https:\/\/flash-photobooths.com\/wp-content\/uploads\/2015\/06\/MTS_2927-2-150x150.jpg 150w, https:\/\/flash-photobooths.com\/wp-content\/uploads\/2015\/06\/MTS_2927-2.jpg 4928w\" sizes=\"(max-width: 150px) 100vw, 150px\" \/><\/a> <a href=\"https:\/\/flash-photobooths.com\/wp-content\/uploads\/sites\/2\/2015\/06\/File-03-01-2016-21-22-20.jpeg\"><img decoding=\"async\" class=\"alignleft wp-image-730 size-thumbnail\" src=\"https:\/\/flash-photobooths.com\/wp-content\/uploads\/sites\/2\/2015\/06\/File-03-01-2016-21-22-20-150x150.jpeg\" alt=\"illuminated letters\" width=\"150\" height=\"150\" srcset=\"https:\/\/flash-photobooths.com\/wp-content\/uploads\/2015\/06\/File-03-01-2016-21-22-20-66x66.jpeg 66w, https:\/\/flash-photobooths.com\/wp-content\/uploads\/2015\/06\/File-03-01-2016-21-22-20-150x150.jpeg 150w, https:\/\/flash-photobooths.com\/wp-content\/uploads\/2015\/06\/File-03-01-2016-21-22-20.jpeg 1024w\" sizes=\"(max-width: 150px) 100vw, 150px\" \/><\/a><a href=\"https:\/\/flash-photobooths.com\/wp-content\/uploads\/sites\/2\/2015\/06\/LOVE.jpg\"><img decoding=\"async\" class=\"alignleft wp-image-732 size-thumbnail\" src=\"https:\/\/flash-photobooths.com\/wp-content\/uploads\/sites\/2\/2015\/06\/LOVE-150x150.jpg\" alt=\"LED letters\" width=\"150\" height=\"150\" srcset=\"https:\/\/flash-photobooths.com\/wp-content\/uploads\/2015\/06\/LOVE-66x66.jpg 66w, https:\/\/flash-photobooths.com\/wp-content\/uploads\/2015\/06\/LOVE-150x150.jpg 150w, https:\/\/flash-photobooths.com\/wp-content\/uploads\/2015\/06\/LOVE.jpg 1380w\" sizes=\"(max-width: 150px) 100vw, 150px\" \/><\/a><\/div><\/div><\/div><\/div>\n","protected":false},"excerpt":{"rendered":"<p>LOVE Buchstaben mieten Verleih leuchtener LOVE Buchstaben\u00a0 Unsere\u00a0LED LOVE Buchstaben\u00a0\u00a0&#8211; [&hellip;]<\/p>\n","protected":false},"author":1,"featured_media":0,"parent":0,"menu_order":0,"comment_status":"closed","ping_status":"closed","template":"","meta":{"footnotes":""},"_links":{"self":[{"href":"https:\/\/flash-photobooths.com\/de\/wp-json\/wp\/v2\/pages\/777"}],"collection":[{"href":"https:\/\/flash-photobooths.com\/de\/wp-json\/wp\/v2\/pages"}],"about":[{"href":"https:\/\/flash-photobooths.com\/de\/wp-json\/wp\/v2\/types\/page"}],"author":[{"embeddable":true,"href":"https:\/\/flash-photobooths.com\/de\/wp-json\/wp\/v2\/users\/1"}],"replies":[{"embeddable":true,"href":"https:\/\/flash-photobooths.com\/de\/wp-json\/wp\/v2\/comments?post=777"}],"version-history":[{"count":3,"href":"https:\/\/flash-photobooths.com\/de\/wp-json\/wp\/v2\/pages\/777\/revisions"}],"predecessor-version":[{"id":1176,"href":"https:\/\/flash-photobooths.com\/de\/wp-json\/wp\/v2\/pages\/777\/revisions\/1176"}],"wp:attachment":[{"href":"https:\/\/flash-photobooths.com\/de\/wp-json\/wp\/v2\/media?parent=777"}],"curies":[{"name":"wp","href":"https:\/\/api.w.org\/{rel}","templated":true}]}}