{"id":773,"date":"2016-01-30T10:45:39","date_gmt":"2016-01-30T10:45:39","guid":{"rendered":"http:\/\/flash-photobooths.com\/de\/?page_id=773"},"modified":"2023-06-20T11:14:58","modified_gmt":"2023-06-20T11:14:58","slug":"fuer-unternehmen","status":"publish","type":"page","link":"https:\/\/flash-photobooths.com\/de\/fuer-unternehmen\/","title":{"rendered":"F\u00fcr Unternehmen"},"content":{"rendered":"<div class=\"fusion-fullwidth fullwidth-box fusion-builder-row-1 fusion-flex-container hundred-percent-fullwidth non-hundred-percent-height-scrolling\" style=\"--awb-border-radius-top-left:0px;--awb-border-radius-top-right:0px;--awb-border-radius-bottom-right:0px;--awb-border-radius-bottom-left:0px;--awb-overflow:visible;--awb-flex-wrap:wrap;\" ><div class=\"fusion-builder-row fusion-row fusion-flex-align-items-flex-start fusion-flex-content-wrap\" style=\"width:calc( 100% + 0px ) !important;max-width:calc( 100% + 0px ) !important;margin-left: calc(-0px \/ 2 );margin-right: calc(-0px \/ 2 );\"><div class=\"fusion-layout-column fusion_builder_column fusion-builder-column-0 fusion_builder_column_1_1 1_1 fusion-flex-column fusion-flex-align-self-flex-start fusion-column-no-min-height\" style=\"--awb-bg-size:cover;--awb-width-large:100%;--awb-margin-top-large:0px;--awb-spacing-right-large:0px;--awb-margin-bottom-large:0px;--awb-spacing-left-large:0px;--awb-width-medium:100%;--awb-spacing-right-medium:0px;--awb-spacing-left-medium:0px;--awb-width-small:100%;--awb-spacing-right-small:0px;--awb-spacing-left-small:0px;\"><div class=\"fusion-column-wrapper fusion-flex-justify-content-flex-start fusion-content-layout-column\"><div class=\"fusion-image-carousel fusion-image-carousel-fixed fusion-image-carousel-1 lightbox-enabled fusion-carousel-border\"><div class=\"awb-carousel awb-swiper awb-swiper-carousel\" data-autoplay=\"no\" data-columns=\"5\" data-itemmargin=\"13\" data-itemwidth=\"180\" data-touchscroll=\"no\" data-imagesize=\"fixed\"><div class=\"swiper-wrapper awb-image-carousel-wrapper fusion-flex-align-items-center\"><div class=\"swiper-slide\"><div class=\"fusion-carousel-item-wrapper\"><div class=\"fusion-image-wrapper hover-type-none\"><a data-rel=\"iLightbox[image_carousel_1]\" data-title=\"Coors Light Booth\" aria-label=\"Coors Light Booth\" href=\"https:\/\/flash-photobooths.com\/wp-content\/uploads\/2013\/09\/Coors-Light-Booth-240x300.jpg\" target=\"_self\"><img decoding=\"async\" width=\"320\" height=\"202\" src=\"https:\/\/flash-photobooths.com\/wp-content\/uploads\/2013\/09\/Coors-Light-Booth-320x202.jpg\" class=\"attachment-blog-medium size-blog-medium\" alt=\"\" \/><\/a><\/div><\/div><\/div><div class=\"swiper-slide\"><div class=\"fusion-carousel-item-wrapper\"><div class=\"fusion-image-wrapper hover-type-none\"><a data-rel=\"iLightbox[image_carousel_1]\" data-title=\"Photo Pod cake decorating front\" aria-label=\"Photo Pod cake decorating front\" href=\"https:\/\/flash-photobooths.com\/wp-content\/uploads\/2013\/09\/Photo-Pod-cake-decorating-front.jpg\" target=\"_self\"><img decoding=\"async\" width=\"320\" height=\"202\" src=\"https:\/\/flash-photobooths.com\/wp-content\/uploads\/2013\/09\/Photo-Pod-cake-decorating-front-320x202.jpg\" class=\"attachment-blog-medium size-blog-medium\" alt=\"\" \/><\/a><\/div><\/div><\/div><div class=\"swiper-slide\"><div class=\"fusion-carousel-item-wrapper\"><div class=\"fusion-image-wrapper hover-type-none\"><a data-rel=\"iLightbox[image_carousel_1]\" data-title=\"Mieten\" aria-label=\"Mieten\" href=\"https:\/\/flash-photobooths.com\/wp-content\/uploads\/2013\/09\/Photo-Pod-front-Right-White-200x300.jpg\" target=\"_self\"><img decoding=\"async\" width=\"320\" height=\"202\" src=\"https:\/\/flash-photobooths.com\/wp-content\/uploads\/2013\/09\/Photo-Pod-front-Right-White-320x202.jpg\" class=\"attachment-blog-medium size-blog-medium\" alt=\"\" \/><\/a><\/div><\/div><\/div><div class=\"swiper-slide\"><div class=\"fusion-carousel-item-wrapper\"><div class=\"fusion-image-wrapper hover-type-none\"><a data-rel=\"iLightbox[image_carousel_1]\" data-title=\"YSL Booth\" aria-label=\"YSL Booth\" href=\"https:\/\/flash-photobooths.com\/wp-content\/uploads\/2013\/09\/YSL-Booth-213x300.jpg\" target=\"_self\"><img decoding=\"async\" width=\"320\" height=\"202\" src=\"https:\/\/flash-photobooths.com\/wp-content\/uploads\/2013\/09\/YSL-Booth-320x202.jpg\" class=\"attachment-blog-medium size-blog-medium\" alt=\"\" \/><\/a><\/div><\/div><\/div><div class=\"swiper-slide\"><div class=\"fusion-carousel-item-wrapper\"><div class=\"fusion-image-wrapper hover-type-none\"><a data-rel=\"iLightbox[image_carousel_1]\" data-title=\"Rear Right Cake decorating\" aria-label=\"Rear Right Cake decorating\" href=\"https:\/\/flash-photobooths.com\/wp-content\/uploads\/2013\/09\/Rear-Right-Cake-decorating.jpeg\" target=\"_self\"><img decoding=\"async\" width=\"320\" height=\"202\" src=\"https:\/\/flash-photobooths.com\/wp-content\/uploads\/2013\/09\/Rear-Right-Cake-decorating-320x202.jpeg\" class=\"attachment-blog-medium size-blog-medium\" alt=\"\" \/><\/a><\/div><\/div><\/div><div class=\"swiper-slide\"><div class=\"fusion-carousel-item-wrapper\"><div class=\"fusion-image-wrapper hover-type-none\"><a data-rel=\"iLightbox[image_carousel_1]\" href=\"https:\/\/flash-photobooths.com\/wp-content\/uploads\/2013\/09\/Branded_Photo_Booth-300x300.jpg\" target=\"_self\"><img decoding=\"async\" src=\"https:\/\/flash-photobooths.com\/wp-content\/uploads\/2013\/09\/Branded_Photo_Booth-300x300.jpg\" alt=\"\"\/><\/a><\/div><\/div><\/div><\/div><div class=\"awb-swiper-button awb-swiper-button-prev\"><i class=\"awb-icon-angle-left\" aria-hidden=\"true\"><\/i><\/div><div class=\"awb-swiper-button awb-swiper-button-next\"><i class=\"awb-icon-angle-right\" aria-hidden=\"true\"><\/i><\/div><\/div><\/div>\n<\/div><\/div><div class=\"fusion-layout-column fusion_builder_column fusion-builder-column-1 fusion_builder_column_1_1 1_1 fusion-flex-column fusion-flex-align-self-flex-start fusion-column-no-min-height\" style=\"--awb-bg-size:cover;--awb-width-large:100%;--awb-margin-top-large:0px;--awb-spacing-right-large:0px;--awb-margin-bottom-large:0px;--awb-spacing-left-large:0px;--awb-width-medium:100%;--awb-spacing-right-medium:0px;--awb-spacing-left-medium:0px;--awb-width-small:100%;--awb-spacing-right-small:0px;--awb-spacing-left-small:0px;\"><div class=\"fusion-column-wrapper fusion-flex-justify-content-flex-start fusion-content-layout-column\"><div class=\"fusion-title title fusion-title-1 fusion-sep-none fusion-title-text fusion-title-size-two\"><h2 class=\"fusion-title-heading title-heading-left\" style=\"margin:0;\">Durch das Mieten unserer Photo Booth haben Sie eine gute M\u00f6glichkeit f\u00fcr Ihr Unternehmen zu werben.<\/h2><\/div> <\/p>\n<p>Zudem wird diese Werbeaktion Ihnen und auch Ihren Kunden eine Menge Spass und Freude bereiten und Sie werden mit Sicherheit und guter Erinnerung bleiben. Wenn Sie zum Beispiel f\u00fcr ein Produkt, eine Marke oder auch ein Unternehmen werben wollen, k\u00f6nnen unsere Fotoautomaten vollst\u00e4ndig an Ihre Veranstaltung angepasst werden. Dadurch bringen Sie das jeweilige Produkt ect. mit Spa\u00df an den Kunden. Das Aussencover, der Touch-Screen-Monitor, die Startseite, alle Fotodrucke und Green-Screen k\u00f6nnen auf Wunsch ge\u00e4ndert werden, um das gew\u00fcnschte Vorhaben dem Kunden zu pr\u00e4sentieren. Auch haben Sie die M\u00f6glichkeit alle Bilder sofort auf Ihre Facebook-Seite oder eine Webadresse hochladen zu lassen. Diese Option verschafft noch mehr Aufsehen, da somit auch die Verbreitung z.B. Ihres Produktes noch effektiver erfolgt. Dar\u00fcber hinaus werden alle gemachten Aufnahmen f\u00fcr Sie auf eine CD zusammengestellt. Diese k\u00f6nnen Sie dann auch super f\u00fcr zuk\u00fcnftige Werbezwecke verwenden. <\/p>\n<\/div><\/div><div class=\"fusion-layout-column fusion_builder_column fusion-builder-column-2 fusion_builder_column_1_1 1_1 fusion-flex-column fusion-flex-align-self-flex-start fusion-column-no-min-height\" style=\"--awb-bg-size:cover;--awb-width-large:100%;--awb-margin-top-large:0px;--awb-spacing-right-large:0px;--awb-margin-bottom-large:0px;--awb-spacing-left-large:0px;--awb-width-medium:100%;--awb-spacing-right-medium:0px;--awb-spacing-left-medium:0px;--awb-width-small:100%;--awb-spacing-right-small:0px;--awb-spacing-left-small:0px;\"><div class=\"fusion-column-wrapper fusion-flex-justify-content-flex-start fusion-content-layout-column\"><div class=\"fusion-image-carousel fusion-image-carousel-fixed fusion-image-carousel-2 fusion-carousel-border\"><div class=\"awb-carousel awb-swiper awb-swiper-carousel\" data-autoplay=\"no\" data-columns=\"5\" data-itemmargin=\"13\" data-itemwidth=\"180\" data-touchscroll=\"no\" data-imagesize=\"fixed\"><div class=\"swiper-wrapper awb-image-carousel-wrapper fusion-flex-align-items-center\"><\/div><div class=\"awb-swiper-button awb-swiper-button-prev\"><i class=\"awb-icon-angle-left\" aria-hidden=\"true\"><\/i><\/div><div class=\"awb-swiper-button awb-swiper-button-next\"><i class=\"awb-icon-angle-right\" aria-hidden=\"true\"><\/i><\/div><\/div><\/div>\n<div ><a class=\"fusion-button button-flat button-small button-default fusion-button-default button-1 fusion-button-default-span fusion-button-default-type\" target=\"_self\" href=\"\/contact\/\"><span class=\"fusion-button-text\">Kontakt<\/span><\/a><\/div><\/div><\/div><\/div><\/div>\n","protected":false},"excerpt":{"rendered":"","protected":false},"author":1,"featured_media":0,"parent":0,"menu_order":0,"comment_status":"closed","ping_status":"closed","template":"","meta":{"footnotes":""},"_links":{"self":[{"href":"https:\/\/flash-photobooths.com\/de\/wp-json\/wp\/v2\/pages\/773"}],"collection":[{"href":"https:\/\/flash-photobooths.com\/de\/wp-json\/wp\/v2\/pages"}],"about":[{"href":"https:\/\/flash-photobooths.com\/de\/wp-json\/wp\/v2\/types\/page"}],"author":[{"embeddable":true,"href":"https:\/\/flash-photobooths.com\/de\/wp-json\/wp\/v2\/users\/1"}],"replies":[{"embeddable":true,"href":"https:\/\/flash-photobooths.com\/de\/wp-json\/wp\/v2\/comments?post=773"}],"version-history":[{"count":2,"href":"https:\/\/flash-photobooths.com\/de\/wp-json\/wp\/v2\/pages\/773\/revisions"}],"predecessor-version":[{"id":1177,"href":"https:\/\/flash-photobooths.com\/de\/wp-json\/wp\/v2\/pages\/773\/revisions\/1177"}],"wp:attachment":[{"href":"https:\/\/flash-photobooths.com\/de\/wp-json\/wp\/v2\/media?parent=773"}],"curies":[{"name":"wp","href":"https:\/\/api.w.org\/{rel}","templated":true}]}}